{"id":97,"date":"2025-04-22T22:23:20","date_gmt":"2025-04-22T20:23:20","guid":{"rendered":"http:\/\/avb-schule.de\/cms\/?page_id=97"},"modified":"2026-02-04T21:17:15","modified_gmt":"2026-02-04T20:17:15","slug":"foerderverein","status":"publish","type":"page","link":"https:\/\/avb-schule.de\/cms\/foerderverein\/","title":{"rendered":"F\u00f6rderverein"},"content":{"rendered":"<p style=\"text-align: center;\"><a href=\"https:\/\/avb-schule.de\/cms\/wp-content\/uploads\/2025\/09\/202509-Beitrittserklaerung-SEPA.pdf\">Beitrittserkl\u00e4rung F\u00f6rderverein<\/a><\/p>\n<ul>\n<li>Im Jahr 1995 wurde von Eltern der F\u00f6rderverein gegr\u00fcndet mit dem Ziel, zus\u00e4tzliche Lehr- und Lernmittel zu beschaffen und die Schule bei Veranstaltungen zu unterst\u00fctzen.<\/li>\n<li>Fast die H\u00e4lfte der Eltern unterst\u00fctzen durch ihre Mitgliedschaft die Arbeit des F\u00f6rdervereins.<\/li>\n<li>\u00dcber folgenden Link k\u00f6nnen Sie verschiedene AvB Artikel bestellen:\u00a0<a href=\"https:\/\/www.greiss-textildruck.de\/c\/schulen-und-vereine\/bestellbereich-agnes-v-b-schule\" target=\"_blank\" rel=\"noopener\">https:\/\/www.greiss-textildruck.de\/c\/schulen-und-vereine\/bestellbereich-agnes-v-b-schule<\/a><\/li>\n<li>Projekte des F\u00f6rdervereins:\n<ul>\n<li>Fahrzeuge f\u00fcr den Schulhof<\/li>\n<li>Neue Bluetooth Boxen<\/li>\n<li>Umgestaltung des Schulhofes und<br \/>\nAusstattung mit Spielger\u00e4ten<\/li>\n<li>Musikinstrumente<\/li>\n<li>B\u00fccher f\u00fcr die Sch\u00fclerb\u00fccherei<\/li>\n<li>Experimentierk\u00e4sten<\/li>\n<li>Zirkusprojekt<\/li>\n<\/ul>\n<\/li>\n<\/ul>\n<p>Vorsitzender des F\u00f6rdervereins:<br \/>\nHerr S. Han\u00dfen<\/p>\n<p>Stellvertretende Vorsitzende:<br \/>\n<span style=\"font-size: revert;\">Frau A. Caly<\/span><\/p>\n<ol>\n<li>Beisitz: Frau S. Schinkels<\/li>\n<li>Beisitz: Frau I. D\u00f6rling<\/li>\n<li>Beisitz: Frau E. Weyers<\/li>\n<\/ol>\n<p>Gesch\u00e4ftsf\u00fchrerin:<br \/>\nN.N.<\/p>\n<hr \/>\n<p><strong>Kontakt:<\/strong><br \/>\nE-Mail: foerderverein-avb-viersen@web.de<\/p>\n<p><strong>Spendenkonto:<\/strong><br \/>\nF\u00f6rderverein der Agnes-van-Brakel-Schule<br \/>\nIBAN: DE17320500000059578500<br \/>\nBIC: <label for=\"business-identifier-code\"><\/label>\u00a0\u00a0 SPKRDE33X<\/p>\n","protected":false},"excerpt":{"rendered":"<p>Beitrittserkl\u00e4rung F\u00f6rderverein Im Jahr 1995 wurde von Eltern der F\u00f6rderverein gegr\u00fcndet mit dem Ziel, zus\u00e4tzliche Lehr- und Lernmittel zu beschaffen und die Schule bei Veranstaltungen zu unterst\u00fctzen. Fast die H\u00e4lfte der Eltern unterst\u00fctzen durch ihre Mitgliedschaft die Arbeit des F\u00f6rdervereins. \u00dcber folgenden Link k\u00f6nnen Sie verschiedene AvB Artikel bestellen:\u00a0https:\/\/www.greiss-textildruck.de\/c\/schulen-und-vereine\/bestellbereich-agnes-v-b-schule Projekte [&hellip;]<\/p>\n","protected":false},"author":1,"featured_media":0,"parent":0,"menu_order":0,"comment_status":"closed","ping_status":"closed","template":"","meta":{"jetpack_post_was_ever_published":false,"footnotes":""},"class_list":["post-97","page","type-page","status-publish","hentry"],"jetpack_shortlink":"https:\/\/wp.me\/P4yvYV-1z","jetpack-related-posts":[{"id":2209,"url":"https:\/\/avb-schule.de\/cms\/schul-abc\/","url_meta":{"origin":97,"position":0},"title":"Schul-ABC","author":"admin","date":"6. Mai 2016","format":false,"excerpt":"A Agnes-van-Brakel Agnes van Brakel war eine Viersenerin, die den Menschen im Krieg sehr viel geholfen hat. Sie wurde 1875 geboren, war verheiratet und hatte zwei S\u00f6hne. Die beiden Br\u00fcder fielen jedoch im 2. Weltkrieg und ihr Mann verstarb bereits sehr jung. Schon im 1. Weltkrieg versorgte sie die Viersener\u2026","rel":"","context":"\u00c4hnlicher Beitrag","block_context":{"text":"\u00c4hnlicher Beitrag","link":""},"img":{"alt_text":"","src":"","width":0,"height":0},"classes":[]},{"id":4602,"url":"https:\/\/avb-schule.de\/cms\/ueber-unsere-schule\/","url_meta":{"origin":97,"position":1},"title":"\u00dcber unsere Schule","author":"admin","date":"10. August 2018","format":false,"excerpt":"Team Betreuung & OGS F\u00f6rderverein Klassenpflegschaft Schulpflegschaft Schulkonferenz Geschichte Familie in Krise\u00a0","rel":"","context":"\u00c4hnlicher Beitrag","block_context":{"text":"\u00c4hnlicher Beitrag","link":""},"img":{"alt_text":"","src":"","width":0,"height":0},"classes":[]},{"id":49,"url":"https:\/\/avb-schule.de\/cms\/betreuung-ogs\/","url_meta":{"origin":97,"position":2},"title":"Betreuung &#038; OGS","author":"admin","date":"19. April 2014","format":false,"excerpt":"Betreuung: Leitung: Frau Nadine Drabe Tr\u00e4ger: Stadt Viersen OGS: Leitung: Frau Nadine Drabe Tr\u00e4ger: Stadt Viersen Telefon: 02162\/268473 E-Mail: ogsteamavb@gmail.com Mitarbeiter: Frau Wiebe Frau Theven Frau Diaferia Frau Katzler Betreuung und OGS: - An unserer Schule besteht die Betreuung aus folgenden Ma\u00dfnahmen: - Bereits seit vielen Jahren gibt es eine\u2026","rel":"","context":"\u00c4hnlicher Beitrag","block_context":{"text":"\u00c4hnlicher Beitrag","link":""},"img":{"alt_text":"","src":"","width":0,"height":0},"classes":[]},{"id":39,"url":"https:\/\/avb-schule.de\/cms\/klassenpflegschaft\/","url_meta":{"origin":97,"position":3},"title":"Klassenpflegschaft","author":"admin","date":"19. April 2014","format":false,"excerpt":"Mitglieder der Klassenpflegschaft sind die Eltern der Sch\u00fclerinnen und Sch\u00fcler der Klasse, mit beratender Stimme die Klassenlehrerin oder der Klassenlehrer. Die Klassenpflegschaft w\u00e4hlt zu Beginn des Schuljahres eine Vorsitzende oder einen Vorsitzenden und eine Stellvertreterin oder einen Stellvertreter. Die Eltern haben f\u00fcr jedes Kind gemeinsam eine Stimme (SchG NRW \u00a7\u2026","rel":"","context":"\u00c4hnlicher Beitrag","block_context":{"text":"\u00c4hnlicher Beitrag","link":""},"img":{"alt_text":"","src":"","width":0,"height":0},"classes":[]},{"id":6664,"url":"https:\/\/avb-schule.de\/cms\/logineo\/","url_meta":{"origin":97,"position":4},"title":"Logineo","author":"admin","date":"10. Februar 2024","format":false,"excerpt":"Wir benutzen Logineo f\u00fcr Kontakt mit den Eltern (u.A. f\u00fcr Informationen und Krankmeldungen). Klicke hier\u00a0um auf Logineo weitergeleitet zu werden.","rel":"","context":"\u00c4hnlicher Beitrag","block_context":{"text":"\u00c4hnlicher Beitrag","link":""},"img":{"alt_text":"","src":"","width":0,"height":0},"classes":[]},{"id":2187,"url":"https:\/\/avb-schule.de\/cms\/leitgedanken\/","url_meta":{"origin":97,"position":5},"title":"Leitgedanken","author":"admin","date":"6. Mai 2016","format":false,"excerpt":"\u00a0 \u00a0 Wir verstehen uns als eine Schule des Lebens und Lernens: Das Kind steht im Mittelpunkt unserer Arbeit. Wir gehen friedlich miteinander um. Wir respektieren und helfen uns gegenseitig. Wir haben Zeit f\u00fcreinander. Bei uns sollen sich alle wohl f\u00fchlen. Wir verstehen uns als eine Schule, die die Pers\u00f6nlichkeit\u2026","rel":"","context":"\u00c4hnlicher Beitrag","block_context":{"text":"\u00c4hnlicher Beitrag","link":""},"img":{"alt_text":"leitgedanken grafik","src":"https:\/\/i0.wp.com\/avb-schule.de\/cms\/wp-content\/uploads\/2016\/05\/leitgedanken-grafik.png?resize=350%2C200","width":350,"height":200},"classes":[]}],"jetpack_sharing_enabled":true,"_links":{"self":[{"href":"https:\/\/avb-schule.de\/cms\/wp-json\/wp\/v2\/pages\/97","targetHints":{"allow":["GET"]}}],"collection":[{"href":"https:\/\/avb-schule.de\/cms\/wp-json\/wp\/v2\/pages"}],"about":[{"href":"https:\/\/avb-schule.de\/cms\/wp-json\/wp\/v2\/types\/page"}],"author":[{"embeddable":true,"href":"https:\/\/avb-schule.de\/cms\/wp-json\/wp\/v2\/users\/1"}],"replies":[{"embeddable":true,"href":"https:\/\/avb-schule.de\/cms\/wp-json\/wp\/v2\/comments?post=97"}],"version-history":[{"count":43,"href":"https:\/\/avb-schule.de\/cms\/wp-json\/wp\/v2\/pages\/97\/revisions"}],"predecessor-version":[{"id":7200,"href":"https:\/\/avb-schule.de\/cms\/wp-json\/wp\/v2\/pages\/97\/revisions\/7200"}],"wp:attachment":[{"href":"https:\/\/avb-schule.de\/cms\/wp-json\/wp\/v2\/media?parent=97"}],"curies":[{"name":"wp","href":"https:\/\/api.w.org\/{rel}","templated":true}]}}