{"id":91,"date":"2014-04-22T22:17:57","date_gmt":"2014-04-22T20:17:57","guid":{"rendered":"http:\/\/avb-schule.de\/cms\/?page_id=91"},"modified":"2022-10-26T17:26:34","modified_gmt":"2022-10-26T15:26:34","slug":"schulkonferenz","status":"publish","type":"page","link":"https:\/\/avb-schule.de\/cms\/schulkonferenz\/","title":{"rendered":"Schulkonferenz"},"content":{"rendered":"<div align=\"justify\">An jeder Schule ist eine Schulkonferenz einzurichten. Sie ist das oberste Mitwirkungsgremium in der Schule, in dem alle an der Bildungs- und Erziehungsarbeit der Schule Beteiligten zusammenwirken. Sie ber\u00e4t in grunds\u00e4tzlichen Angelegenheiten der Schule und vermittelt bei Konflikten innerhalb der Schule. Sie kann Vorschl\u00e4ge und Anregungen an den Schultr\u00e4ger und an die Schulaufsichtsbeh\u00f6rde richten. (SchG NRW \u00a7 65, Abs. 1)<\/div>\n<p><span style=\"font-weight: bold;\"><br \/>\nAufgaben der Schulkonferenz<\/span><\/p>\n<ul>\n<li>Beratung \u00fcber die Bildungs- und Erziehungsarbeit der Schule<\/li>\n<li>Beschluss \u00fcber das Schulprogramm<\/li>\n<li>Ma\u00dfnahmen der Qualit\u00e4tsentwicklung und Qualit\u00e4tssicherung<\/li>\n<li>Zusammenarbeit mit anderen Schulen, anderen Partnern<\/li>\n<li>Festlegung der beweglichen Ferientage<\/li>\n<li>Erprobung und Einf\u00fchrung neuer Unterrichtsformen<\/li>\n<li>Einf\u00fchrung von Lernmitteln<\/li>\n<li>Verwendung der der Schule zur Verf\u00fcgung stehenden Haushaltsmittel<\/li>\n<li>Wahl der Schulleiterin oder des Schulleiters<\/li>\n<li>Erlass einer Schulordnung<\/li>\n<li>Vorschl\u00e4ge und Anregungen an die Schulaufsichtsbeh\u00f6rde<\/li>\n<li>Empfehlung von Grunds\u00e4tzen zur Unterrichtsverteilung, Leistungsbewertung, Ausgestaltung von Unterrichtsinhalten<br \/>\n(Auszug aus SchG NRW \u00a7 65, Abs. 2)<br \/>\n<span style=\"font-weight: bold;\"><br \/>\nZusammensetzung der Schulkonferenz<\/span><\/li>\n<\/ul>\n<ul>\n<li>\n<div align=\"justify\">Die Schulkonferenz setzt sich bei Schulen bis 200 Sch\u00fclerinnen und Sch\u00fclern aus 6 Mitgliedern zusammen, zu gleichen Teilen 3 Elternvertreter und 3 Lehrervertreter.<\/div>\n<\/li>\n<li>\n<div align=\"justify\">Beratendes Mitglied der Schulkonferenz ist die Schulleiterin oder der Schulleiter.<\/div>\n<\/li>\n<li>\n<div align=\"justify\">Die Schulleiterin oder der Schulleiter f\u00fchrt den Vorsitz. Sie oder er hat kein Stimmrecht.<\/div>\n<div align=\"justify\">Abweichend hiervon gibt bei Stimmengleichheit ihre oder seine Stimme den Ausschlag. Die st\u00e4ndige Vertretung nimmt beratend an der Schulkonferenz teil.<\/div>\n<\/li>\n<\/ul>\n<p>(Auszug aus SchG NRW \u00a7 66)<\/p>\n","protected":false},"excerpt":{"rendered":"<p>An jeder Schule ist eine Schulkonferenz einzurichten. Sie ist das oberste Mitwirkungsgremium in der Schule, in dem alle an der Bildungs- und Erziehungsarbeit der Schule Beteiligten zusammenwirken. Sie ber\u00e4t in grunds\u00e4tzlichen Angelegenheiten der Schule und vermittelt bei Konflikten innerhalb der Schule. Sie kann Vorschl\u00e4ge und Anregungen an den Schultr\u00e4ger und [&hellip;]<\/p>\n","protected":false},"author":1,"featured_media":0,"parent":0,"menu_order":0,"comment_status":"closed","ping_status":"closed","template":"","meta":{"jetpack_post_was_ever_published":false,"footnotes":""},"class_list":["post-91","page","type-page","status-publish","hentry"],"jetpack_shortlink":"https:\/\/wp.me\/P4yvYV-1t","jetpack-related-posts":[{"id":4602,"url":"https:\/\/avb-schule.de\/cms\/ueber-unsere-schule\/","url_meta":{"origin":91,"position":0},"title":"\u00dcber unsere Schule","author":"admin","date":"10. August 2018","format":false,"excerpt":"Team Betreuung & OGS F\u00f6rderverein Klassenpflegschaft Schulpflegschaft Schulkonferenz Geschichte Familie in Krise\u00a0","rel":"","context":"\u00c4hnlicher Beitrag","block_context":{"text":"\u00c4hnlicher Beitrag","link":""},"img":{"alt_text":"","src":"","width":0,"height":0},"classes":[]},{"id":39,"url":"https:\/\/avb-schule.de\/cms\/klassenpflegschaft\/","url_meta":{"origin":91,"position":1},"title":"Klassenpflegschaft","author":"admin","date":"19. April 2014","format":false,"excerpt":"Mitglieder der Klassenpflegschaft sind die Eltern der Sch\u00fclerinnen und Sch\u00fcler der Klasse, mit beratender Stimme die Klassenlehrerin oder der Klassenlehrer. Die Klassenpflegschaft w\u00e4hlt zu Beginn des Schuljahres eine Vorsitzende oder einen Vorsitzenden und eine Stellvertreterin oder einen Stellvertreter. Die Eltern haben f\u00fcr jedes Kind gemeinsam eine Stimme (SchG NRW \u00a7\u2026","rel":"","context":"\u00c4hnlicher Beitrag","block_context":{"text":"\u00c4hnlicher Beitrag","link":""},"img":{"alt_text":"","src":"","width":0,"height":0},"classes":[]},{"id":2209,"url":"https:\/\/avb-schule.de\/cms\/schul-abc\/","url_meta":{"origin":91,"position":2},"title":"Schul-ABC","author":"admin","date":"6. Mai 2016","format":false,"excerpt":"A Agnes-van-Brakel Agnes van Brakel war eine Viersenerin, die den Menschen im Krieg sehr viel geholfen hat. Sie wurde 1875 geboren, war verheiratet und hatte zwei S\u00f6hne. Die beiden Br\u00fcder fielen jedoch im 2. Weltkrieg und ihr Mann verstarb bereits sehr jung. Schon im 1. Weltkrieg versorgte sie die Viersener\u2026","rel":"","context":"\u00c4hnlicher Beitrag","block_context":{"text":"\u00c4hnlicher Beitrag","link":""},"img":{"alt_text":"","src":"","width":0,"height":0},"classes":[]},{"id":2187,"url":"https:\/\/avb-schule.de\/cms\/leitgedanken\/","url_meta":{"origin":91,"position":3},"title":"Leitgedanken","author":"admin","date":"6. Mai 2016","format":false,"excerpt":"\u00a0 \u00a0 Wir verstehen uns als eine Schule des Lebens und Lernens: Das Kind steht im Mittelpunkt unserer Arbeit. Wir gehen friedlich miteinander um. Wir respektieren und helfen uns gegenseitig. Wir haben Zeit f\u00fcreinander. Bei uns sollen sich alle wohl f\u00fchlen. Wir verstehen uns als eine Schule, die die Pers\u00f6nlichkeit\u2026","rel":"","context":"\u00c4hnlicher Beitrag","block_context":{"text":"\u00c4hnlicher Beitrag","link":""},"img":{"alt_text":"leitgedanken grafik","src":"https:\/\/i0.wp.com\/avb-schule.de\/cms\/wp-content\/uploads\/2016\/05\/leitgedanken-grafik.png?resize=350%2C200","width":350,"height":200},"classes":[]},{"id":49,"url":"https:\/\/avb-schule.de\/cms\/betreuung-ogs\/","url_meta":{"origin":91,"position":4},"title":"Betreuung &#038; OGS","author":"admin","date":"19. April 2014","format":false,"excerpt":"Betreuung: Leitung: Frau Nadine Drabe Tr\u00e4ger: Stadt Viersen OGS: Leitung: Frau Nadine Drabe Tr\u00e4ger: Stadt Viersen Telefon: 02162\/268473 E-Mail: ogsteamavb@gmail.com Mitarbeiter: Frau Wiebe Frau Theven Frau Diaferia Frau Katzler Betreuung und OGS: - An unserer Schule besteht die Betreuung aus folgenden Ma\u00dfnahmen: - Bereits seit vielen Jahren gibt es eine\u2026","rel":"","context":"\u00c4hnlicher Beitrag","block_context":{"text":"\u00c4hnlicher Beitrag","link":""},"img":{"alt_text":"","src":"","width":0,"height":0},"classes":[]},{"id":97,"url":"https:\/\/avb-schule.de\/cms\/foerderverein\/","url_meta":{"origin":91,"position":5},"title":"F\u00f6rderverein","author":"admin","date":"22. April 2025","format":false,"excerpt":"Beitrittserkl\u00e4rung F\u00f6rderverein Im Jahr 1995 wurde von Eltern der F\u00f6rderverein gegr\u00fcndet mit dem Ziel, zus\u00e4tzliche Lehr- und Lernmittel zu beschaffen und die Schule bei Veranstaltungen zu unterst\u00fctzen. Fast die H\u00e4lfte der Eltern unterst\u00fctzen durch ihre Mitgliedschaft die Arbeit des F\u00f6rdervereins. \u00dcber folgenden Link k\u00f6nnen Sie verschiedene AvB Artikel bestellen:\u00a0https:\/\/www.greiss-textildruck.de\/c\/schulen-und-vereine\/bestellbereich-agnes-v-b-schule Projekte\u2026","rel":"","context":"\u00c4hnlicher Beitrag","block_context":{"text":"\u00c4hnlicher Beitrag","link":""},"img":{"alt_text":"","src":"","width":0,"height":0},"classes":[]}],"jetpack_sharing_enabled":true,"_links":{"self":[{"href":"https:\/\/avb-schule.de\/cms\/wp-json\/wp\/v2\/pages\/91","targetHints":{"allow":["GET"]}}],"collection":[{"href":"https:\/\/avb-schule.de\/cms\/wp-json\/wp\/v2\/pages"}],"about":[{"href":"https:\/\/avb-schule.de\/cms\/wp-json\/wp\/v2\/types\/page"}],"author":[{"embeddable":true,"href":"https:\/\/avb-schule.de\/cms\/wp-json\/wp\/v2\/users\/1"}],"replies":[{"embeddable":true,"href":"https:\/\/avb-schule.de\/cms\/wp-json\/wp\/v2\/comments?post=91"}],"version-history":[{"count":17,"href":"https:\/\/avb-schule.de\/cms\/wp-json\/wp\/v2\/pages\/91\/revisions"}],"predecessor-version":[{"id":6315,"href":"https:\/\/avb-schule.de\/cms\/wp-json\/wp\/v2\/pages\/91\/revisions\/6315"}],"wp:attachment":[{"href":"https:\/\/avb-schule.de\/cms\/wp-json\/wp\/v2\/media?parent=91"}],"curies":[{"name":"wp","href":"https:\/\/api.w.org\/{rel}","templated":true}]}}