{"id":73,"date":"2014-04-22T13:04:25","date_gmt":"2014-04-22T11:04:25","guid":{"rendered":"http:\/\/avb-schule.de\/cms\/?page_id=73"},"modified":"2026-03-27T11:50:22","modified_gmt":"2026-03-27T10:50:22","slug":"kollegium","status":"publish","type":"page","link":"https:\/\/avb-schule.de\/cms\/kollegium\/","title":{"rendered":"Team"},"content":{"rendered":"<div id=\"pl-73\"  class=\"panel-layout\" ><div id=\"pg-73-0\"  class=\"panel-grid panel-has-style\" ><div class=\"siteorigin-panels-stretch panel-row-style panel-row-style-for-73-0\" data-stretch-type=\"full\" ><div id=\"pgc-73-0-0\"  class=\"panel-grid-cell\" ><div id=\"panel-73-0-0-0\" class=\"so-panel widget widget_sow-editor panel-first-child panel-last-child\" data-index=\"0\" ><div\n\t\t\t\n\t\t\tclass=\"so-widget-sow-editor so-widget-sow-editor-base\"\n\t\t\t\n\t\t>\n<div class=\"siteorigin-widget-tinymce textwidget\">\n\t<p><strong>Schulleitung:<\/strong> Mirjam Greif<\/p>\n<p><strong>E-Mail:<\/strong> 108546@schule.nrw.de<\/p>\n<p><strong>Telefon:<\/strong> 02162\/13454<\/p>\n<\/div>\n<\/div><\/div><\/div><\/div><\/div><\/div>","protected":false},"excerpt":{"rendered":"<p>Schulleitung: Mirjam Greif E-Mail: 108546@schule.nrw.de Telefon: 02162\/13454<\/p>\n","protected":false},"author":1,"featured_media":0,"parent":0,"menu_order":0,"comment_status":"closed","ping_status":"closed","template":"page-templates\/template-page-sidebar.php","meta":{"jetpack_post_was_ever_published":false,"footnotes":""},"class_list":["post-73","page","type-page","status-publish","hentry"],"jetpack_shortlink":"https:\/\/wp.me\/P4yvYV-1b","jetpack-related-posts":[{"id":4602,"url":"https:\/\/avb-schule.de\/cms\/ueber-unsere-schule\/","url_meta":{"origin":73,"position":0},"title":"\u00dcber unsere Schule","author":"admin","date":"10. August 2018","format":false,"excerpt":"Team Betreuung & OGS F\u00f6rderverein Klassenpflegschaft Schulpflegschaft Schulkonferenz Geschichte Familie in Krise\u00a0","rel":"","context":"\u00c4hnlicher Beitrag","block_context":{"text":"\u00c4hnlicher Beitrag","link":""},"img":{"alt_text":"","src":"","width":0,"height":0},"classes":[]},{"id":49,"url":"https:\/\/avb-schule.de\/cms\/betreuung-ogs\/","url_meta":{"origin":73,"position":1},"title":"Betreuung &#038; OGS","author":"admin","date":"19. April 2014","format":false,"excerpt":"Betreuung: Leitung: Frau Nadine Drabe Tr\u00e4ger: Stadt Viersen OGS: Leitung: Frau Nadine Drabe Tr\u00e4ger: Stadt Viersen Telefon: 02162\/268473 E-Mail: ogsteamavb@gmail.com Mitarbeiter: Frau Wiebe Frau Theven Frau Diaferia Frau Katzler Betreuung und OGS: - An unserer Schule besteht die Betreuung aus folgenden Ma\u00dfnahmen: - Bereits seit vielen Jahren gibt es eine\u2026","rel":"","context":"\u00c4hnlicher Beitrag","block_context":{"text":"\u00c4hnlicher Beitrag","link":""},"img":{"alt_text":"","src":"","width":0,"height":0},"classes":[]},{"id":2187,"url":"https:\/\/avb-schule.de\/cms\/leitgedanken\/","url_meta":{"origin":73,"position":2},"title":"Leitgedanken","author":"admin","date":"6. Mai 2016","format":false,"excerpt":"\u00a0 \u00a0 Wir verstehen uns als eine Schule des Lebens und Lernens: Das Kind steht im Mittelpunkt unserer Arbeit. Wir gehen friedlich miteinander um. Wir respektieren und helfen uns gegenseitig. Wir haben Zeit f\u00fcreinander. Bei uns sollen sich alle wohl f\u00fchlen. Wir verstehen uns als eine Schule, die die Pers\u00f6nlichkeit\u2026","rel":"","context":"\u00c4hnlicher Beitrag","block_context":{"text":"\u00c4hnlicher Beitrag","link":""},"img":{"alt_text":"leitgedanken grafik","src":"https:\/\/i0.wp.com\/avb-schule.de\/cms\/wp-content\/uploads\/2016\/05\/leitgedanken-grafik.png?resize=350%2C200","width":350,"height":200},"classes":[]},{"id":2209,"url":"https:\/\/avb-schule.de\/cms\/schul-abc\/","url_meta":{"origin":73,"position":3},"title":"Schul-ABC","author":"admin","date":"6. Mai 2016","format":false,"excerpt":"A Agnes-van-Brakel Agnes van Brakel war eine Viersenerin, die den Menschen im Krieg sehr viel geholfen hat. Sie wurde 1875 geboren, war verheiratet und hatte zwei S\u00f6hne. Die beiden Br\u00fcder fielen jedoch im 2. Weltkrieg und ihr Mann verstarb bereits sehr jung. Schon im 1. Weltkrieg versorgte sie die Viersener\u2026","rel":"","context":"\u00c4hnlicher Beitrag","block_context":{"text":"\u00c4hnlicher Beitrag","link":""},"img":{"alt_text":"","src":"","width":0,"height":0},"classes":[]}],"jetpack_sharing_enabled":true,"_links":{"self":[{"href":"https:\/\/avb-schule.de\/cms\/wp-json\/wp\/v2\/pages\/73","targetHints":{"allow":["GET"]}}],"collection":[{"href":"https:\/\/avb-schule.de\/cms\/wp-json\/wp\/v2\/pages"}],"about":[{"href":"https:\/\/avb-schule.de\/cms\/wp-json\/wp\/v2\/types\/page"}],"author":[{"embeddable":true,"href":"https:\/\/avb-schule.de\/cms\/wp-json\/wp\/v2\/users\/1"}],"replies":[{"embeddable":true,"href":"https:\/\/avb-schule.de\/cms\/wp-json\/wp\/v2\/comments?post=73"}],"version-history":[{"count":140,"href":"https:\/\/avb-schule.de\/cms\/wp-json\/wp\/v2\/pages\/73\/revisions"}],"predecessor-version":[{"id":7251,"href":"https:\/\/avb-schule.de\/cms\/wp-json\/wp\/v2\/pages\/73\/revisions\/7251"}],"wp:attachment":[{"href":"https:\/\/avb-schule.de\/cms\/wp-json\/wp\/v2\/media?parent=73"}],"curies":[{"name":"wp","href":"https:\/\/api.w.org\/{rel}","templated":true}]}}