{"id":6664,"date":"2024-02-10T17:50:35","date_gmt":"2024-02-10T16:50:35","guid":{"rendered":"https:\/\/avb-schule.de\/cms\/?page_id=6664"},"modified":"2024-02-10T17:53:50","modified_gmt":"2024-02-10T16:53:50","slug":"logineo","status":"publish","type":"page","link":"https:\/\/avb-schule.de\/cms\/logineo\/","title":{"rendered":"Logineo"},"content":{"rendered":"<p>Wir benutzen Logineo f\u00fcr Kontakt mit den Eltern (u.A. f\u00fcr Informationen und Krankmeldungen).<\/p>\n<p>Klicke <a href=\"https:\/\/108546.logineonrw-lms.de\" target=\"_blank\" rel=\"noopener\">hier<\/a>\u00a0um auf Logineo weitergeleitet zu werden.<\/p>\n","protected":false},"excerpt":{"rendered":"<p>Wir benutzen Logineo f\u00fcr Kontakt mit den Eltern (u.A. f\u00fcr Informationen und Krankmeldungen). Klicke hier\u00a0um auf Logineo weitergeleitet zu werden.<\/p>\n","protected":false},"author":1,"featured_media":0,"parent":0,"menu_order":0,"comment_status":"closed","ping_status":"closed","template":"","meta":{"jetpack_post_was_ever_published":false,"footnotes":""},"class_list":["post-6664","page","type-page","status-publish","hentry"],"jetpack_shortlink":"https:\/\/wp.me\/P4yvYV-1Ju","jetpack-related-posts":[{"id":49,"url":"https:\/\/avb-schule.de\/cms\/betreuung-ogs\/","url_meta":{"origin":6664,"position":0},"title":"Betreuung &#038; OGS","author":"admin","date":"19. April 2014","format":false,"excerpt":"Betreuung: Leitung: Frau Nadine Drabe Tr\u00e4ger: Stadt Viersen OGS: Leitung: Frau Nadine Drabe Tr\u00e4ger: Stadt Viersen Telefon: 02162\/268473 E-Mail: ogsteamavb@gmail.com Mitarbeiter: Frau Wiebe Frau Theven Frau Diaferia Frau Katzler Betreuung und OGS: - An unserer Schule besteht die Betreuung aus folgenden Ma\u00dfnahmen: - Bereits seit vielen Jahren gibt es eine\u2026","rel":"","context":"\u00c4hnlicher Beitrag","block_context":{"text":"\u00c4hnlicher Beitrag","link":""},"img":{"alt_text":"","src":"","width":0,"height":0},"classes":[]},{"id":2209,"url":"https:\/\/avb-schule.de\/cms\/schul-abc\/","url_meta":{"origin":6664,"position":1},"title":"Schul-ABC","author":"admin","date":"6. Mai 2016","format":false,"excerpt":"A Agnes-van-Brakel Agnes van Brakel war eine Viersenerin, die den Menschen im Krieg sehr viel geholfen hat. Sie wurde 1875 geboren, war verheiratet und hatte zwei S\u00f6hne. Die beiden Br\u00fcder fielen jedoch im 2. Weltkrieg und ihr Mann verstarb bereits sehr jung. Schon im 1. Weltkrieg versorgte sie die Viersener\u2026","rel":"","context":"\u00c4hnlicher Beitrag","block_context":{"text":"\u00c4hnlicher Beitrag","link":""},"img":{"alt_text":"","src":"","width":0,"height":0},"classes":[]},{"id":5060,"url":"https:\/\/avb-schule.de\/cms\/fahrradpruefung\/","url_meta":{"origin":6664,"position":2},"title":"Fahrradpr\u00fcfung","author":"admin","date":"18. April 2019","format":false,"excerpt":"Fahrradpr\u00fcfung an der AVB Am 12.4. nahmen 22 Vierkl\u00e4ssler an der allj\u00e4hrlichen Fahrradpr\u00fcfung teil. Bei klarem, kalten Wetter drehten sie gekonnt die Fahrradrunde durch Helenabrunn. Durch die Hilfe einiger Eltern, unserer Praktikanten und unseres Hausmeisters konnten die Sch\u00fclerinnen und Sch\u00fcler ihr K\u00f6nnen im Stra\u00dfenverkehr unter Beweis stellen. Vielen Dank f\u00fcr\u2026","rel":"","context":"\u00c4hnlicher Beitrag","block_context":{"text":"\u00c4hnlicher Beitrag","link":""},"img":{"alt_text":"","src":"https:\/\/i0.wp.com\/avb-schule.de\/cms\/wp-content\/uploads\/2019\/04\/IMG_2239.jpg?fit=640%2C480&ssl=1&resize=350%2C200","width":350,"height":200,"srcset":"https:\/\/i0.wp.com\/avb-schule.de\/cms\/wp-content\/uploads\/2019\/04\/IMG_2239.jpg?fit=640%2C480&ssl=1&resize=350%2C200 1x, https:\/\/i0.wp.com\/avb-schule.de\/cms\/wp-content\/uploads\/2019\/04\/IMG_2239.jpg?fit=640%2C480&ssl=1&resize=525%2C300 1.5x"},"classes":[]},{"id":41,"url":"https:\/\/avb-schule.de\/cms\/geschichte\/","url_meta":{"origin":6664,"position":3},"title":"Geschichte","author":"admin","date":"19. April 2014","format":false,"excerpt":"Unser heutiges Schulgeb\u00e4ude wurde in den Jahren 1961\/62 am Ummertalweg erbaut. Bei der Einweihung am 06. Mai 1962 wurde die neue Volksschule zu Ehren der Viersener Ehrenb\u00fcrgerin Agnes-van-Brakel-Schule genannt. Agnes-van-Brakel war eine geb\u00fcrtige H\u00fclser aus der Wirtschaft auf dem Helenenberge. F\u00fcr die Viersener Bev\u00f6lkerung zeigte sie in beiden Weltkriegen und\u2026","rel":"","context":"\u00c4hnlicher Beitrag","block_context":{"text":"\u00c4hnlicher Beitrag","link":""},"img":{"alt_text":"","src":"https:\/\/i0.wp.com\/avb-schule.de\/cms\/wp-content\/uploads\/2014\/04\/011-003-klein.jpg?resize=350%2C200","width":350,"height":200},"classes":[]},{"id":97,"url":"https:\/\/avb-schule.de\/cms\/foerderverein\/","url_meta":{"origin":6664,"position":4},"title":"F\u00f6rderverein","author":"admin","date":"22. April 2025","format":false,"excerpt":"Beitrittserkl\u00e4rung F\u00f6rderverein Im Jahr 1995 wurde von Eltern der F\u00f6rderverein gegr\u00fcndet mit dem Ziel, zus\u00e4tzliche Lehr- und Lernmittel zu beschaffen und die Schule bei Veranstaltungen zu unterst\u00fctzen. Fast die H\u00e4lfte der Eltern unterst\u00fctzen durch ihre Mitgliedschaft die Arbeit des F\u00f6rdervereins. \u00dcber folgenden Link k\u00f6nnen Sie verschiedene AvB Artikel bestellen:\u00a0https:\/\/www.greiss-textildruck.de\/c\/schulen-und-vereine\/bestellbereich-agnes-v-b-schule Projekte\u2026","rel":"","context":"\u00c4hnlicher Beitrag","block_context":{"text":"\u00c4hnlicher Beitrag","link":""},"img":{"alt_text":"","src":"","width":0,"height":0},"classes":[]},{"id":6655,"url":"https:\/\/avb-schule.de\/cms\/schulstart\/","url_meta":{"origin":6664,"position":5},"title":"Schulstart","author":"admin","date":"10. Februar 2024","format":false,"excerpt":"Klicke hier um Infos f\u00fcr den Schulstart zu erhalten. Es \u00f6ffnet sich eine externe Website (TaskCards.de).","rel":"","context":"\u00c4hnlicher Beitrag","block_context":{"text":"\u00c4hnlicher Beitrag","link":""},"img":{"alt_text":"","src":"","width":0,"height":0},"classes":[]}],"jetpack_sharing_enabled":true,"_links":{"self":[{"href":"https:\/\/avb-schule.de\/cms\/wp-json\/wp\/v2\/pages\/6664","targetHints":{"allow":["GET"]}}],"collection":[{"href":"https:\/\/avb-schule.de\/cms\/wp-json\/wp\/v2\/pages"}],"about":[{"href":"https:\/\/avb-schule.de\/cms\/wp-json\/wp\/v2\/types\/page"}],"author":[{"embeddable":true,"href":"https:\/\/avb-schule.de\/cms\/wp-json\/wp\/v2\/users\/1"}],"replies":[{"embeddable":true,"href":"https:\/\/avb-schule.de\/cms\/wp-json\/wp\/v2\/comments?post=6664"}],"version-history":[{"count":2,"href":"https:\/\/avb-schule.de\/cms\/wp-json\/wp\/v2\/pages\/6664\/revisions"}],"predecessor-version":[{"id":6667,"href":"https:\/\/avb-schule.de\/cms\/wp-json\/wp\/v2\/pages\/6664\/revisions\/6667"}],"wp:attachment":[{"href":"https:\/\/avb-schule.de\/cms\/wp-json\/wp\/v2\/media?parent=6664"}],"curies":[{"name":"wp","href":"https:\/\/api.w.org\/{rel}","templated":true}]}}