{"id":6655,"date":"2024-02-10T17:21:11","date_gmt":"2024-02-10T16:21:11","guid":{"rendered":"https:\/\/avb-schule.de\/cms\/?page_id=6655"},"modified":"2024-05-02T15:59:29","modified_gmt":"2024-05-02T13:59:29","slug":"schulstart","status":"publish","type":"page","link":"https:\/\/avb-schule.de\/cms\/schulstart\/","title":{"rendered":"Schulstart"},"content":{"rendered":"<p>Klicke <a href=\"https:\/\/medialab.taskcards.app\/#\/board\/b7b4f3c2-d71a-458e-bc9c-d8375ef8085b\/view?token=8aa8a5fd-f962-4d73-8906-3552e8b95d8d\" rel=\"noopener\" target=\"_blank\">hier<\/a> um Infos f\u00fcr den Schulstart zu erhalten. Es \u00f6ffnet sich eine externe Website (TaskCards.de).<\/p>\n","protected":false},"excerpt":{"rendered":"<p>Klicke hier um Infos f\u00fcr den Schulstart zu erhalten. Es \u00f6ffnet sich eine externe Website (TaskCards.de).<\/p>\n","protected":false},"author":1,"featured_media":0,"parent":0,"menu_order":0,"comment_status":"closed","ping_status":"closed","template":"","meta":{"jetpack_post_was_ever_published":false,"footnotes":""},"class_list":["post-6655","page","type-page","status-publish","hentry"],"jetpack_shortlink":"https:\/\/wp.me\/P4yvYV-1Jl","jetpack-related-posts":[{"id":6664,"url":"https:\/\/avb-schule.de\/cms\/logineo\/","url_meta":{"origin":6655,"position":0},"title":"Logineo","author":"admin","date":"10. Februar 2024","format":false,"excerpt":"Wir benutzen Logineo f\u00fcr Kontakt mit den Eltern (u.A. f\u00fcr Informationen und Krankmeldungen). Klicke hier\u00a0um auf Logineo weitergeleitet zu werden.","rel":"","context":"\u00c4hnlicher Beitrag","block_context":{"text":"\u00c4hnlicher Beitrag","link":""},"img":{"alt_text":"","src":"","width":0,"height":0},"classes":[]},{"id":2209,"url":"https:\/\/avb-schule.de\/cms\/schul-abc\/","url_meta":{"origin":6655,"position":1},"title":"Schul-ABC","author":"admin","date":"6. Mai 2016","format":false,"excerpt":"A Agnes-van-Brakel Agnes van Brakel war eine Viersenerin, die den Menschen im Krieg sehr viel geholfen hat. Sie wurde 1875 geboren, war verheiratet und hatte zwei S\u00f6hne. Die beiden Br\u00fcder fielen jedoch im 2. Weltkrieg und ihr Mann verstarb bereits sehr jung. Schon im 1. Weltkrieg versorgte sie die Viersener\u2026","rel":"","context":"\u00c4hnlicher Beitrag","block_context":{"text":"\u00c4hnlicher Beitrag","link":""},"img":{"alt_text":"","src":"","width":0,"height":0},"classes":[]},{"id":49,"url":"https:\/\/avb-schule.de\/cms\/betreuung-ogs\/","url_meta":{"origin":6655,"position":2},"title":"Betreuung &#038; OGS","author":"admin","date":"19. April 2014","format":false,"excerpt":"Betreuung: Leitung: Frau Nadine Drabe Tr\u00e4ger: Stadt Viersen OGS: Leitung: Frau Nadine Drabe Tr\u00e4ger: Stadt Viersen Telefon: 02162\/268473 E-Mail: ogsteamavb@gmail.com Mitarbeiter: Frau Wiebe Frau Theven Frau Diaferia Frau Katzler Betreuung und OGS: - An unserer Schule besteht die Betreuung aus folgenden Ma\u00dfnahmen: - Bereits seit vielen Jahren gibt es eine\u2026","rel":"","context":"\u00c4hnlicher Beitrag","block_context":{"text":"\u00c4hnlicher Beitrag","link":""},"img":{"alt_text":"","src":"","width":0,"height":0},"classes":[]},{"id":4275,"url":"https:\/\/avb-schule.de\/cms\/datenschutz\/","url_meta":{"origin":6655,"position":3},"title":"Datenschutz","author":"admin","date":"17. Mai 2018","format":false,"excerpt":"Verantwortlicher und Datenschutzbeauftragter Agnes-van-Brakel Schule, St\u00e4dtische kath. Grundschule, Ummertalweg 51, 41748 Viersen Tel: 02162\/13454 E-Mail: 108546@schule.nrw.de Information \u00fcber die Erhebung personenbezogener Daten, Speicherdauer Im Folgenden informieren wir \u00fcber die Erhebung personenbezogener Daten bei Nutzung unserer Website. Personenbezogene Daten sind alle Daten, die auf Sie pers\u00f6nlich beziehbar sind, z. B. Name,\u2026","rel":"","context":"\u00c4hnlicher Beitrag","block_context":{"text":"\u00c4hnlicher Beitrag","link":""},"img":{"alt_text":"","src":"","width":0,"height":0},"classes":[]},{"id":41,"url":"https:\/\/avb-schule.de\/cms\/geschichte\/","url_meta":{"origin":6655,"position":4},"title":"Geschichte","author":"admin","date":"19. April 2014","format":false,"excerpt":"Unser heutiges Schulgeb\u00e4ude wurde in den Jahren 1961\/62 am Ummertalweg erbaut. Bei der Einweihung am 06. Mai 1962 wurde die neue Volksschule zu Ehren der Viersener Ehrenb\u00fcrgerin Agnes-van-Brakel-Schule genannt. Agnes-van-Brakel war eine geb\u00fcrtige H\u00fclser aus der Wirtschaft auf dem Helenenberge. F\u00fcr die Viersener Bev\u00f6lkerung zeigte sie in beiden Weltkriegen und\u2026","rel":"","context":"\u00c4hnlicher Beitrag","block_context":{"text":"\u00c4hnlicher Beitrag","link":""},"img":{"alt_text":"","src":"https:\/\/i0.wp.com\/avb-schule.de\/cms\/wp-content\/uploads\/2014\/04\/011-003-klein.jpg?resize=350%2C200","width":350,"height":200},"classes":[]},{"id":2187,"url":"https:\/\/avb-schule.de\/cms\/leitgedanken\/","url_meta":{"origin":6655,"position":5},"title":"Leitgedanken","author":"admin","date":"6. Mai 2016","format":false,"excerpt":"\u00a0 \u00a0 Wir verstehen uns als eine Schule des Lebens und Lernens: Das Kind steht im Mittelpunkt unserer Arbeit. Wir gehen friedlich miteinander um. Wir respektieren und helfen uns gegenseitig. Wir haben Zeit f\u00fcreinander. Bei uns sollen sich alle wohl f\u00fchlen. Wir verstehen uns als eine Schule, die die Pers\u00f6nlichkeit\u2026","rel":"","context":"\u00c4hnlicher Beitrag","block_context":{"text":"\u00c4hnlicher Beitrag","link":""},"img":{"alt_text":"leitgedanken grafik","src":"https:\/\/i0.wp.com\/avb-schule.de\/cms\/wp-content\/uploads\/2016\/05\/leitgedanken-grafik.png?resize=350%2C200","width":350,"height":200},"classes":[]}],"jetpack_sharing_enabled":true,"_links":{"self":[{"href":"https:\/\/avb-schule.de\/cms\/wp-json\/wp\/v2\/pages\/6655","targetHints":{"allow":["GET"]}}],"collection":[{"href":"https:\/\/avb-schule.de\/cms\/wp-json\/wp\/v2\/pages"}],"about":[{"href":"https:\/\/avb-schule.de\/cms\/wp-json\/wp\/v2\/types\/page"}],"author":[{"embeddable":true,"href":"https:\/\/avb-schule.de\/cms\/wp-json\/wp\/v2\/users\/1"}],"replies":[{"embeddable":true,"href":"https:\/\/avb-schule.de\/cms\/wp-json\/wp\/v2\/comments?post=6655"}],"version-history":[{"count":4,"href":"https:\/\/avb-schule.de\/cms\/wp-json\/wp\/v2\/pages\/6655\/revisions"}],"predecessor-version":[{"id":6736,"href":"https:\/\/avb-schule.de\/cms\/wp-json\/wp\/v2\/pages\/6655\/revisions\/6736"}],"wp:attachment":[{"href":"https:\/\/avb-schule.de\/cms\/wp-json\/wp\/v2\/media?parent=6655"}],"curies":[{"name":"wp","href":"https:\/\/api.w.org\/{rel}","templated":true}]}}