{"id":4602,"date":"2018-08-10T18:16:14","date_gmt":"2018-08-10T16:16:14","guid":{"rendered":"https:\/\/avb-schule.de\/cms\/?page_id=4602"},"modified":"2026-03-25T09:36:27","modified_gmt":"2026-03-25T08:36:27","slug":"ueber-unsere-schule","status":"publish","type":"page","link":"https:\/\/avb-schule.de\/cms\/ueber-unsere-schule\/","title":{"rendered":"\u00dcber unsere Schule"},"content":{"rendered":"<ul>\n<li><a href=\"https:\/\/avb-schule.de\/cms\/kollegium\/\">Team<\/a><a href=\"https:\/\/avb-schule.de\/cms\/betreuung-ogs\/\"><br \/><\/a><\/li>\n<li><a href=\"https:\/\/avb-schule.de\/cms\/betreuung-ogs\/\">Betreuung &amp; OGS<\/a><a href=\"https:\/\/avb-schule.de\/cms\/foerderverein\/\"><br \/><\/a><\/li>\n<li><a href=\"https:\/\/avb-schule.de\/cms\/foerderverein\/\">F\u00f6rderverein<\/a><a href=\"https:\/\/avb-schule.de\/cms\/klassenpflegschaft\/\"><br \/><\/a><\/li>\n<li><a href=\"https:\/\/avb-schule.de\/cms\/klassenpflegschaft\/\">Klassenpflegschaft<\/a><a href=\"https:\/\/avb-schule.de\/cms\/schulpflegschaft\/\"><br \/><\/a><\/li>\n<li><a href=\"https:\/\/avb-schule.de\/cms\/schulpflegschaft\/\">Schulpflegschaft<\/a><a href=\"https:\/\/avb-schule.de\/cms\/schulkonferenz\/\"><br \/><\/a><\/li>\n<li><a href=\"https:\/\/avb-schule.de\/cms\/schulkonferenz\/\">Schulkonferenz<\/a><a href=\"https:\/\/avb-schule.de\/cms\/geschichte\/\"><br \/><\/a><\/li>\n<li><a href=\"https:\/\/avb-schule.de\/cms\/geschichte\/\">Geschichte<\/a><\/li>\n<li><a href=\"https:\/\/avb-schule.de\/cms\/ueber-unsere-schule\/familie-in-krise-2\/\">Familie in Krise\u00a0<\/a><\/li>\n<\/ul>\n\n\n<p><\/p>\n","protected":false},"excerpt":{"rendered":"<p>Team Betreuung &amp; OGS F\u00f6rderverein Klassenpflegschaft Schulpflegschaft Schulkonferenz Geschichte Familie in Krise\u00a0<\/p>\n","protected":false},"author":1,"featured_media":0,"parent":0,"menu_order":0,"comment_status":"closed","ping_status":"closed","template":"","meta":{"jetpack_post_was_ever_published":false,"footnotes":""},"class_list":["post-4602","page","type-page","status-publish","hentry"],"jetpack_shortlink":"https:\/\/wp.me\/P4yvYV-1ce","jetpack-related-posts":[{"id":49,"url":"https:\/\/avb-schule.de\/cms\/betreuung-ogs\/","url_meta":{"origin":4602,"position":0},"title":"Betreuung &#038; OGS","author":"admin","date":"19. April 2014","format":false,"excerpt":"Betreuung: Leitung: Frau Nadine Drabe Tr\u00e4ger: Stadt Viersen OGS: Leitung: Frau Nadine Drabe Tr\u00e4ger: Stadt Viersen Telefon: 02162\/268473 E-Mail: ogsteamavb@gmail.com Mitarbeiter: Frau Wiebe Frau Theven Frau Diaferia Frau Katzler Betreuung und OGS: - An unserer Schule besteht die Betreuung aus folgenden Ma\u00dfnahmen: - Bereits seit vielen Jahren gibt es eine\u2026","rel":"","context":"\u00c4hnlicher Beitrag","block_context":{"text":"\u00c4hnlicher Beitrag","link":""},"img":{"alt_text":"","src":"","width":0,"height":0},"classes":[]},{"id":2209,"url":"https:\/\/avb-schule.de\/cms\/schul-abc\/","url_meta":{"origin":4602,"position":1},"title":"Schul-ABC","author":"admin","date":"6. Mai 2016","format":false,"excerpt":"A Agnes-van-Brakel Agnes van Brakel war eine Viersenerin, die den Menschen im Krieg sehr viel geholfen hat. Sie wurde 1875 geboren, war verheiratet und hatte zwei S\u00f6hne. Die beiden Br\u00fcder fielen jedoch im 2. Weltkrieg und ihr Mann verstarb bereits sehr jung. Schon im 1. Weltkrieg versorgte sie die Viersener\u2026","rel":"","context":"\u00c4hnlicher Beitrag","block_context":{"text":"\u00c4hnlicher Beitrag","link":""},"img":{"alt_text":"","src":"","width":0,"height":0},"classes":[]},{"id":91,"url":"https:\/\/avb-schule.de\/cms\/schulkonferenz\/","url_meta":{"origin":4602,"position":2},"title":"Schulkonferenz","author":"admin","date":"22. April 2014","format":false,"excerpt":"An jeder Schule ist eine Schulkonferenz einzurichten. Sie ist das oberste Mitwirkungsgremium in der Schule, in dem alle an der Bildungs- und Erziehungsarbeit der Schule Beteiligten zusammenwirken. Sie ber\u00e4t in grunds\u00e4tzlichen Angelegenheiten der Schule und vermittelt bei Konflikten innerhalb der Schule. Sie kann Vorschl\u00e4ge und Anregungen an den Schultr\u00e4ger und\u2026","rel":"","context":"\u00c4hnlicher Beitrag","block_context":{"text":"\u00c4hnlicher Beitrag","link":""},"img":{"alt_text":"","src":"","width":0,"height":0},"classes":[]},{"id":39,"url":"https:\/\/avb-schule.de\/cms\/klassenpflegschaft\/","url_meta":{"origin":4602,"position":3},"title":"Klassenpflegschaft","author":"admin","date":"19. April 2014","format":false,"excerpt":"Mitglieder der Klassenpflegschaft sind die Eltern der Sch\u00fclerinnen und Sch\u00fcler der Klasse, mit beratender Stimme die Klassenlehrerin oder der Klassenlehrer. Die Klassenpflegschaft w\u00e4hlt zu Beginn des Schuljahres eine Vorsitzende oder einen Vorsitzenden und eine Stellvertreterin oder einen Stellvertreter. Die Eltern haben f\u00fcr jedes Kind gemeinsam eine Stimme (SchG NRW \u00a7\u2026","rel":"","context":"\u00c4hnlicher Beitrag","block_context":{"text":"\u00c4hnlicher Beitrag","link":""},"img":{"alt_text":"","src":"","width":0,"height":0},"classes":[]},{"id":97,"url":"https:\/\/avb-schule.de\/cms\/foerderverein\/","url_meta":{"origin":4602,"position":4},"title":"F\u00f6rderverein","author":"admin","date":"22. April 2025","format":false,"excerpt":"Beitrittserkl\u00e4rung F\u00f6rderverein Im Jahr 1995 wurde von Eltern der F\u00f6rderverein gegr\u00fcndet mit dem Ziel, zus\u00e4tzliche Lehr- und Lernmittel zu beschaffen und die Schule bei Veranstaltungen zu unterst\u00fctzen. Fast die H\u00e4lfte der Eltern unterst\u00fctzen durch ihre Mitgliedschaft die Arbeit des F\u00f6rdervereins. \u00dcber folgenden Link k\u00f6nnen Sie verschiedene AvB Artikel bestellen:\u00a0https:\/\/www.greiss-textildruck.de\/c\/schulen-und-vereine\/bestellbereich-agnes-v-b-schule Projekte\u2026","rel":"","context":"\u00c4hnlicher Beitrag","block_context":{"text":"\u00c4hnlicher Beitrag","link":""},"img":{"alt_text":"","src":"","width":0,"height":0},"classes":[]},{"id":3470,"url":"https:\/\/avb-schule.de\/cms\/familie-in-krise\/","url_meta":{"origin":4602,"position":5},"title":"Familie in Krise","author":"admin","date":"10. August 2017","format":false,"excerpt":"Krisentelefone & Anlaufstellen in schwierigen Situationen, Familienportal des Bundes: www.familienportal.de Familienberatung f\u00fcr den Kreis Viersen www.familienbande-viersen.de","rel":"","context":"\u00c4hnlicher Beitrag","block_context":{"text":"\u00c4hnlicher Beitrag","link":""},"img":{"alt_text":"","src":"","width":0,"height":0},"classes":[]}],"jetpack_sharing_enabled":true,"_links":{"self":[{"href":"https:\/\/avb-schule.de\/cms\/wp-json\/wp\/v2\/pages\/4602","targetHints":{"allow":["GET"]}}],"collection":[{"href":"https:\/\/avb-schule.de\/cms\/wp-json\/wp\/v2\/pages"}],"about":[{"href":"https:\/\/avb-schule.de\/cms\/wp-json\/wp\/v2\/types\/page"}],"author":[{"embeddable":true,"href":"https:\/\/avb-schule.de\/cms\/wp-json\/wp\/v2\/users\/1"}],"replies":[{"embeddable":true,"href":"https:\/\/avb-schule.de\/cms\/wp-json\/wp\/v2\/comments?post=4602"}],"version-history":[{"count":30,"href":"https:\/\/avb-schule.de\/cms\/wp-json\/wp\/v2\/pages\/4602\/revisions"}],"predecessor-version":[{"id":7222,"href":"https:\/\/avb-schule.de\/cms\/wp-json\/wp\/v2\/pages\/4602\/revisions\/7222"}],"wp:attachment":[{"href":"https:\/\/avb-schule.de\/cms\/wp-json\/wp\/v2\/media?parent=4602"}],"curies":[{"name":"wp","href":"https:\/\/api.w.org\/{rel}","templated":true}]}}