{"id":41,"date":"2014-04-19T18:40:32","date_gmt":"2014-04-19T16:40:32","guid":{"rendered":"http:\/\/avb-schule.de\/cms\/?page_id=41"},"modified":"2017-09-16T17:30:18","modified_gmt":"2017-09-16T15:30:18","slug":"geschichte","status":"publish","type":"page","link":"https:\/\/avb-schule.de\/cms\/geschichte\/","title":{"rendered":"Geschichte"},"content":{"rendered":"<div id=\"pl-41\"  class=\"panel-layout\" ><div id=\"pg-41-0\"  class=\"panel-grid panel-has-style\" ><div class=\"panel-row-style panel-row-style-for-41-0\" ><div id=\"pgc-41-0-0\"  class=\"panel-grid-cell\" ><div id=\"panel-41-0-0-0\" class=\"so-panel widget widget_sow-editor panel-first-child panel-last-child\" data-index=\"0\" ><div\n\t\t\t\n\t\t\tclass=\"so-widget-sow-editor so-widget-sow-editor-base\"\n\t\t\t\n\t\t>\n<div class=\"siteorigin-widget-tinymce textwidget\">\n\t<div style=\"text-align: left;\" align=\"justify\">Unser heutiges Schulgeb\u00e4ude wurde in den Jahren 1961\/62 am Ummertalweg erbaut.<\/div>\n<div style=\"text-align: left;\">Bei der Einweihung am 06. Mai 1962 wurde die neue Volksschule zu Ehren der Viersener Ehrenb\u00fcrgerin Agnes-van-Brakel-Schule genannt. Agnes-van-Brakel war eine geb\u00fcrtige H\u00fclser aus der Wirtschaft auf dem Helenenberge. F\u00fcr die Viersener Bev\u00f6lkerung zeigte sie in beiden Weltkriegen und in den armseligen Nachkriegsjahren einen gro\u00dfen Einsatz. Sie k\u00fcmmerte sich sehr um sozial schwache Familien. Besonders in den Nachkriegsjahren f\u00fchrte sie f\u00fcr die Schulkinder eine Schulspeisung ein, um Mangelerscheinungen bei der Ern\u00e4hrung vorzubeugen. Sie wurde auch \"Engel von Viersen\" genannt. Nach den Sommerferien 1968 wurden in Nordrhein-Westfalen die Volksschulen in Grund- und Hauptschulen unterteilt. Seitdem ist die Agnes-van-Brakel-Schule Grundschule.<\/div>\n<p style=\"text-align: left;\">\u00a0<\/p>\n<p style=\"text-align: left;\">\u00a0<\/p>\n<\/div>\n<\/div><\/div><\/div><\/div><\/div><div id=\"pg-41-1\"  class=\"panel-grid panel-has-style\" ><div class=\"panel-row-style panel-row-style-for-41-1\" ><div id=\"pgc-41-1-0\"  class=\"panel-grid-cell\" ><div id=\"panel-41-1-0-0\" class=\"so-panel widget widget_media_image panel-first-child panel-last-child\" data-index=\"1\" ><div style=\"width: 510px\" class=\"wp-caption alignnone\"><img fetchpriority=\"high\" decoding=\"async\" data-attachment-id=\"56\" data-permalink=\"https:\/\/avb-schule.de\/cms\/geschichte\/helenabrunn\/\" data-orig-file=\"https:\/\/i0.wp.com\/avb-schule.de\/cms\/wp-content\/uploads\/2014\/04\/011-003-klein.jpg?fit=500%2C372&amp;ssl=1\" data-orig-size=\"500,372\" data-comments-opened=\"0\" data-image-meta=\"{&quot;aperture&quot;:&quot;0&quot;,&quot;credit&quot;:&quot;&quot;,&quot;camera&quot;:&quot;&quot;,&quot;caption&quot;:&quot;Stadtteil Helenabrunn vun der Gladbacherstrasse&quot;,&quot;created_timestamp&quot;:&quot;0&quot;,&quot;copyright&quot;:&quot;&quot;,&quot;focal_length&quot;:&quot;0&quot;,&quot;iso&quot;:&quot;0&quot;,&quot;shutter_speed&quot;:&quot;0&quot;,&quot;title&quot;:&quot;Helenabrunn&quot;}\" data-image-title=\"Helenabrunn\" data-image-description=\"&lt;p&gt;Stadtteil Helenabrunn vun der Gladbacherstrasse&lt;\/p&gt;\n\" data-image-caption=\"\" data-large-file=\"https:\/\/i0.wp.com\/avb-schule.de\/cms\/wp-content\/uploads\/2014\/04\/011-003-klein.jpg?fit=500%2C372&amp;ssl=1\" width=\"500\" height=\"372\" src=\"https:\/\/i0.wp.com\/avb-schule.de\/cms\/wp-content\/uploads\/2014\/04\/011-003-klein.jpg?fit=500%2C372&amp;ssl=1\" class=\"image wp-image-56  attachment-full size-full\" alt=\"\" style=\"max-width: 100%; height: auto;\" srcset=\"https:\/\/i0.wp.com\/avb-schule.de\/cms\/wp-content\/uploads\/2014\/04\/011-003-klein.jpg?w=500&amp;ssl=1 500w, https:\/\/i0.wp.com\/avb-schule.de\/cms\/wp-content\/uploads\/2014\/04\/011-003-klein.jpg?resize=300%2C223&amp;ssl=1 300w\" sizes=\"(max-width: 500px) 100vw, 500px\" data-attachment-id=\"56\" data-permalink=\"https:\/\/avb-schule.de\/cms\/geschichte\/helenabrunn\/\" data-orig-file=\"https:\/\/i0.wp.com\/avb-schule.de\/cms\/wp-content\/uploads\/2014\/04\/011-003-klein.jpg?fit=500%2C372&amp;ssl=1\" data-orig-size=\"500,372\" data-comments-opened=\"0\" data-image-meta=\"{&quot;aperture&quot;:&quot;0&quot;,&quot;credit&quot;:&quot;&quot;,&quot;camera&quot;:&quot;&quot;,&quot;caption&quot;:&quot;Stadtteil Helenabrunn vun der Gladbacherstrasse&quot;,&quot;created_timestamp&quot;:&quot;0&quot;,&quot;copyright&quot;:&quot;&quot;,&quot;focal_length&quot;:&quot;0&quot;,&quot;iso&quot;:&quot;0&quot;,&quot;shutter_speed&quot;:&quot;0&quot;,&quot;title&quot;:&quot;Helenabrunn&quot;}\" data-image-title=\"Helenabrunn\" data-image-description=\"&lt;p&gt;Stadtteil Helenabrunn vun der Gladbacherstrasse&lt;\/p&gt;\n\" data-image-caption=\"\" data-large-file=\"https:\/\/i0.wp.com\/avb-schule.de\/cms\/wp-content\/uploads\/2014\/04\/011-003-klein.jpg?fit=500%2C372&amp;ssl=1\" \/><p class=\"wp-caption-text\">Stadtteil Helenabrunn vun der Gladbacherstrasse<\/p><\/div><\/div><\/div><div id=\"pgc-41-1-1\"  class=\"panel-grid-cell\" ><div id=\"panel-41-1-1-0\" class=\"so-panel widget widget_media_image panel-first-child panel-last-child\" data-index=\"2\" ><img decoding=\"async\" data-attachment-id=\"57\" data-permalink=\"https:\/\/avb-schule.de\/cms\/geschichte\/helenabrunn-2\/\" data-orig-file=\"https:\/\/i0.wp.com\/avb-schule.de\/cms\/wp-content\/uploads\/2014\/04\/016-Schule-klein.jpg?fit=500%2C372&amp;ssl=1\" data-orig-size=\"500,372\" data-comments-opened=\"0\" data-image-meta=\"{&quot;aperture&quot;:&quot;0&quot;,&quot;credit&quot;:&quot;&quot;,&quot;camera&quot;:&quot;&quot;,&quot;caption&quot;:&quot;Schule&quot;,&quot;created_timestamp&quot;:&quot;0&quot;,&quot;copyright&quot;:&quot;&quot;,&quot;focal_length&quot;:&quot;0&quot;,&quot;iso&quot;:&quot;0&quot;,&quot;shutter_speed&quot;:&quot;0&quot;,&quot;title&quot;:&quot;Helenabrunn&quot;}\" data-image-title=\"Helenabrunn\" data-image-description=\"&lt;p&gt;Schule&lt;\/p&gt;\n\" data-image-caption=\"\" data-large-file=\"https:\/\/i0.wp.com\/avb-schule.de\/cms\/wp-content\/uploads\/2014\/04\/016-Schule-klein.jpg?fit=500%2C372&amp;ssl=1\" width=\"500\" height=\"372\" src=\"https:\/\/i0.wp.com\/avb-schule.de\/cms\/wp-content\/uploads\/2014\/04\/016-Schule-klein.jpg?fit=500%2C372&amp;ssl=1\" class=\"image wp-image-57  attachment-full size-full\" alt=\"\" style=\"max-width: 100%; height: auto;\" srcset=\"https:\/\/i0.wp.com\/avb-schule.de\/cms\/wp-content\/uploads\/2014\/04\/016-Schule-klein.jpg?w=500&amp;ssl=1 500w, https:\/\/i0.wp.com\/avb-schule.de\/cms\/wp-content\/uploads\/2014\/04\/016-Schule-klein.jpg?resize=300%2C223&amp;ssl=1 300w\" sizes=\"(max-width: 500px) 100vw, 500px\" data-attachment-id=\"57\" data-permalink=\"https:\/\/avb-schule.de\/cms\/geschichte\/helenabrunn-2\/\" data-orig-file=\"https:\/\/i0.wp.com\/avb-schule.de\/cms\/wp-content\/uploads\/2014\/04\/016-Schule-klein.jpg?fit=500%2C372&amp;ssl=1\" data-orig-size=\"500,372\" data-comments-opened=\"0\" data-image-meta=\"{&quot;aperture&quot;:&quot;0&quot;,&quot;credit&quot;:&quot;&quot;,&quot;camera&quot;:&quot;&quot;,&quot;caption&quot;:&quot;Schule&quot;,&quot;created_timestamp&quot;:&quot;0&quot;,&quot;copyright&quot;:&quot;&quot;,&quot;focal_length&quot;:&quot;0&quot;,&quot;iso&quot;:&quot;0&quot;,&quot;shutter_speed&quot;:&quot;0&quot;,&quot;title&quot;:&quot;Helenabrunn&quot;}\" data-image-title=\"Helenabrunn\" data-image-description=\"&lt;p&gt;Schule&lt;\/p&gt;\n\" data-image-caption=\"\" data-large-file=\"https:\/\/i0.wp.com\/avb-schule.de\/cms\/wp-content\/uploads\/2014\/04\/016-Schule-klein.jpg?fit=500%2C372&amp;ssl=1\" \/><\/div><\/div><\/div><\/div><\/div>","protected":false},"excerpt":{"rendered":"<p>Unser heutiges Schulgeb\u00e4ude wurde in den Jahren 1961\/62 am Ummertalweg erbaut. Bei der Einweihung am 06. Mai 1962 wurde die neue Volksschule zu Ehren der Viersener Ehrenb\u00fcrgerin Agnes-van-Brakel-Schule genannt. Agnes-van-Brakel war eine geb\u00fcrtige H\u00fclser aus der Wirtschaft auf dem Helenenberge. F\u00fcr die Viersener Bev\u00f6lkerung zeigte sie in beiden Weltkriegen und [&hellip;]<\/p>\n","protected":false},"author":1,"featured_media":0,"parent":0,"menu_order":0,"comment_status":"closed","ping_status":"closed","template":"","meta":{"jetpack_post_was_ever_published":false,"footnotes":""},"class_list":["post-41","page","type-page","status-publish","hentry"],"jetpack_shortlink":"https:\/\/wp.me\/P4yvYV-F","jetpack-related-posts":[{"id":4602,"url":"https:\/\/avb-schule.de\/cms\/ueber-unsere-schule\/","url_meta":{"origin":41,"position":0},"title":"\u00dcber unsere Schule","author":"admin","date":"10. August 2018","format":false,"excerpt":"Team Betreuung & OGS F\u00f6rderverein Klassenpflegschaft Schulpflegschaft Schulkonferenz Geschichte Familie in Krise\u00a0","rel":"","context":"\u00c4hnlicher Beitrag","block_context":{"text":"\u00c4hnlicher Beitrag","link":""},"img":{"alt_text":"","src":"","width":0,"height":0},"classes":[]},{"id":2209,"url":"https:\/\/avb-schule.de\/cms\/schul-abc\/","url_meta":{"origin":41,"position":1},"title":"Schul-ABC","author":"admin","date":"6. Mai 2016","format":false,"excerpt":"A Agnes-van-Brakel Agnes van Brakel war eine Viersenerin, die den Menschen im Krieg sehr viel geholfen hat. Sie wurde 1875 geboren, war verheiratet und hatte zwei S\u00f6hne. Die beiden Br\u00fcder fielen jedoch im 2. Weltkrieg und ihr Mann verstarb bereits sehr jung. Schon im 1. Weltkrieg versorgte sie die Viersener\u2026","rel":"","context":"\u00c4hnlicher Beitrag","block_context":{"text":"\u00c4hnlicher Beitrag","link":""},"img":{"alt_text":"","src":"","width":0,"height":0},"classes":[]}],"jetpack_sharing_enabled":true,"_links":{"self":[{"href":"https:\/\/avb-schule.de\/cms\/wp-json\/wp\/v2\/pages\/41","targetHints":{"allow":["GET"]}}],"collection":[{"href":"https:\/\/avb-schule.de\/cms\/wp-json\/wp\/v2\/pages"}],"about":[{"href":"https:\/\/avb-schule.de\/cms\/wp-json\/wp\/v2\/types\/page"}],"author":[{"embeddable":true,"href":"https:\/\/avb-schule.de\/cms\/wp-json\/wp\/v2\/users\/1"}],"replies":[{"embeddable":true,"href":"https:\/\/avb-schule.de\/cms\/wp-json\/wp\/v2\/comments?post=41"}],"version-history":[{"count":14,"href":"https:\/\/avb-schule.de\/cms\/wp-json\/wp\/v2\/pages\/41\/revisions"}],"predecessor-version":[{"id":3720,"href":"https:\/\/avb-schule.de\/cms\/wp-json\/wp\/v2\/pages\/41\/revisions\/3720"}],"wp:attachment":[{"href":"https:\/\/avb-schule.de\/cms\/wp-json\/wp\/v2\/media?parent=41"}],"curies":[{"name":"wp","href":"https:\/\/api.w.org\/{rel}","templated":true}]}}