{"id":39,"date":"2014-04-19T18:39:55","date_gmt":"2014-04-19T16:39:55","guid":{"rendered":"http:\/\/avb-schule.de\/cms\/?page_id=39"},"modified":"2025-09-22T21:48:13","modified_gmt":"2025-09-22T19:48:13","slug":"klassenpflegschaft","status":"publish","type":"page","link":"https:\/\/avb-schule.de\/cms\/klassenpflegschaft\/","title":{"rendered":"Klassenpflegschaft"},"content":{"rendered":"<div style=\"text-align: justify;\">Mitglieder der Klassenpflegschaft sind die Eltern der Sch\u00fclerinnen und Sch\u00fcler der Klasse, mit beratender Stimme die Klassenlehrerin oder der Klassenlehrer. Die Klassenpflegschaft w\u00e4hlt zu Beginn des Schuljahres eine Vorsitzende oder einen Vorsitzenden und eine Stellvertreterin oder einen Stellvertreter. Die Eltern haben f\u00fcr jedes Kind gemeinsam eine Stimme (SchG NRW \u00a7 73, Abs. 1). Die Klassenpflegschaft dient der Zusammenarbeit zwischen Eltern, Lehrerinnen und Lehrern, Sch\u00fclerinnen und Sch\u00fclern. Dazu geh\u00f6ren die Informationen und der Meinungsaustausch \u00fcber Angelegenheiten der Schule, insbesondere \u00fcber die Unterrichts- und Erziehungsarbeit in der Klasse. (SchG NRW \u00a7 73, Abs. 2)<\/div>\n<div><\/div>\n<table style=\"width: 473px; height: 185px; text-align: left;\" cellspacing=\"2\" cellpadding=\"2\" border=\"0\">\n<tbody>\n<tr style=\"font-weight: bold;\" align=\"left\">\n<td style=\"width: 180px;\" colspan=\"3\">Klassenpflegschaften im Schuljahr 2025\/26:<\/td>\n<\/tr>\n<tr>\n<td style=\"width: 59px; text-align: left; font-weight: bold;\">Klasse<\/td>\n<td style=\"width: 180px; text-align: left; font-weight: bold;\">Vorsitzende(r)<\/td>\n<td style=\"width: 180px; text-align: left; font-weight: bold;\">Stellv. Vorsitzende(r)<\/td>\n<\/tr>\n<tr>\n<td style=\"width: 59px; text-align: left;\">1<\/td>\n<td style=\"width: 180px;\">Herr Nobis<\/td>\n<td style=\"width: 180px;\">Frau Liebe<\/td>\n<\/tr>\n<tr>\n<td style=\"width: 59px; text-align: left;\">2<\/td>\n<td style=\"width: 180px;\">Frau Ioele<\/td>\n<td style=\"width: 180px;\">Herr Luttkus<\/td>\n<\/tr>\n<tr>\n<td style=\"width: 59px; text-align: left;\">3<\/td>\n<td style=\"width: 180px;\">Frau Weyers<\/td>\n<td style=\"width: 180px;\">Frau Notars<\/td>\n<\/tr>\n<tr>\n<td style=\"width: 59px; text-align: left;\">4<\/td>\n<td style=\"width: 180px;\">Frau Fabian<\/td>\n<td style=\"width: 180px;\">Frau K\u00fcppers<\/td>\n<\/tr>\n<\/tbody>\n<\/table>\n","protected":false},"excerpt":{"rendered":"<p>Mitglieder der Klassenpflegschaft sind die Eltern der Sch\u00fclerinnen und Sch\u00fcler der Klasse, mit beratender Stimme die Klassenlehrerin oder der Klassenlehrer. Die Klassenpflegschaft w\u00e4hlt zu Beginn des Schuljahres eine Vorsitzende oder einen Vorsitzenden und eine Stellvertreterin oder einen Stellvertreter. Die Eltern haben f\u00fcr jedes Kind gemeinsam eine Stimme (SchG NRW \u00a7 [&hellip;]<\/p>\n","protected":false},"author":1,"featured_media":0,"parent":0,"menu_order":0,"comment_status":"closed","ping_status":"closed","template":"","meta":{"jetpack_post_was_ever_published":false,"footnotes":""},"class_list":["post-39","page","type-page","status-publish","hentry"],"jetpack_shortlink":"https:\/\/wp.me\/P4yvYV-D","jetpack-related-posts":[{"id":4602,"url":"https:\/\/avb-schule.de\/cms\/ueber-unsere-schule\/","url_meta":{"origin":39,"position":0},"title":"\u00dcber unsere Schule","author":"admin","date":"10. August 2018","format":false,"excerpt":"Team Betreuung & OGS F\u00f6rderverein Klassenpflegschaft Schulpflegschaft Schulkonferenz Geschichte Familie in Krise\u00a0","rel":"","context":"\u00c4hnlicher Beitrag","block_context":{"text":"\u00c4hnlicher Beitrag","link":""},"img":{"alt_text":"","src":"","width":0,"height":0},"classes":[]},{"id":91,"url":"https:\/\/avb-schule.de\/cms\/schulkonferenz\/","url_meta":{"origin":39,"position":1},"title":"Schulkonferenz","author":"admin","date":"22. April 2014","format":false,"excerpt":"An jeder Schule ist eine Schulkonferenz einzurichten. Sie ist das oberste Mitwirkungsgremium in der Schule, in dem alle an der Bildungs- und Erziehungsarbeit der Schule Beteiligten zusammenwirken. Sie ber\u00e4t in grunds\u00e4tzlichen Angelegenheiten der Schule und vermittelt bei Konflikten innerhalb der Schule. Sie kann Vorschl\u00e4ge und Anregungen an den Schultr\u00e4ger und\u2026","rel":"","context":"\u00c4hnlicher Beitrag","block_context":{"text":"\u00c4hnlicher Beitrag","link":""},"img":{"alt_text":"","src":"","width":0,"height":0},"classes":[]},{"id":2209,"url":"https:\/\/avb-schule.de\/cms\/schul-abc\/","url_meta":{"origin":39,"position":2},"title":"Schul-ABC","author":"admin","date":"6. Mai 2016","format":false,"excerpt":"A Agnes-van-Brakel Agnes van Brakel war eine Viersenerin, die den Menschen im Krieg sehr viel geholfen hat. Sie wurde 1875 geboren, war verheiratet und hatte zwei S\u00f6hne. Die beiden Br\u00fcder fielen jedoch im 2. Weltkrieg und ihr Mann verstarb bereits sehr jung. Schon im 1. Weltkrieg versorgte sie die Viersener\u2026","rel":"","context":"\u00c4hnlicher Beitrag","block_context":{"text":"\u00c4hnlicher Beitrag","link":""},"img":{"alt_text":"","src":"","width":0,"height":0},"classes":[]},{"id":46,"url":"https:\/\/avb-schule.de\/cms\/klassen-lehrpersonen\/","url_meta":{"origin":39,"position":3},"title":"Klassen &#038; Lehrpersonen","author":"admin","date":"19. April 2014","format":false,"excerpt":"Unsere Klassen im Schuljahr 2023\/2024 98 Sch\u00fclerinnen und Sch\u00fcler werden in 4 jahrgangs\u00fcbergreifenden Klassen unterrichtet 8 LehrerInnen Klasse Klassenlehrerin Klasse 1\/2 a Fr. Bauer Klasse 1\/2 b Fr. Gartz Klasse 3\/4 a Fr. Lemmen Klasse 3\/4 b Fr. Hoff Fachlehrer: Frau Steinfartz, Frau Sch\u00fctrumpf, Herr H\u00f6ckels, Frau Aretz Sozialp\u00e4dagogische Fachkraft:\u2026","rel":"","context":"\u00c4hnlicher Beitrag","block_context":{"text":"\u00c4hnlicher Beitrag","link":""},"img":{"alt_text":"","src":"","width":0,"height":0},"classes":[]},{"id":49,"url":"https:\/\/avb-schule.de\/cms\/betreuung-ogs\/","url_meta":{"origin":39,"position":4},"title":"Betreuung &#038; OGS","author":"admin","date":"19. April 2014","format":false,"excerpt":"Betreuung: Leitung: Frau Nadine Drabe Tr\u00e4ger: Stadt Viersen OGS: Leitung: Frau Nadine Drabe Tr\u00e4ger: Stadt Viersen Telefon: 02162\/268473 E-Mail: ogsteamavb@gmail.com Mitarbeiter: Frau Wiebe Frau Theven Frau Diaferia Frau Katzler Betreuung und OGS: - An unserer Schule besteht die Betreuung aus folgenden Ma\u00dfnahmen: - Bereits seit vielen Jahren gibt es eine\u2026","rel":"","context":"\u00c4hnlicher Beitrag","block_context":{"text":"\u00c4hnlicher Beitrag","link":""},"img":{"alt_text":"","src":"","width":0,"height":0},"classes":[]},{"id":5060,"url":"https:\/\/avb-schule.de\/cms\/fahrradpruefung\/","url_meta":{"origin":39,"position":5},"title":"Fahrradpr\u00fcfung","author":"admin","date":"18. April 2019","format":false,"excerpt":"Fahrradpr\u00fcfung an der AVB Am 12.4. nahmen 22 Vierkl\u00e4ssler an der allj\u00e4hrlichen Fahrradpr\u00fcfung teil. Bei klarem, kalten Wetter drehten sie gekonnt die Fahrradrunde durch Helenabrunn. Durch die Hilfe einiger Eltern, unserer Praktikanten und unseres Hausmeisters konnten die Sch\u00fclerinnen und Sch\u00fcler ihr K\u00f6nnen im Stra\u00dfenverkehr unter Beweis stellen. Vielen Dank f\u00fcr\u2026","rel":"","context":"\u00c4hnlicher Beitrag","block_context":{"text":"\u00c4hnlicher Beitrag","link":""},"img":{"alt_text":"","src":"https:\/\/i0.wp.com\/avb-schule.de\/cms\/wp-content\/uploads\/2019\/04\/IMG_2239.jpg?fit=640%2C480&ssl=1&resize=350%2C200","width":350,"height":200,"srcset":"https:\/\/i0.wp.com\/avb-schule.de\/cms\/wp-content\/uploads\/2019\/04\/IMG_2239.jpg?fit=640%2C480&ssl=1&resize=350%2C200 1x, https:\/\/i0.wp.com\/avb-schule.de\/cms\/wp-content\/uploads\/2019\/04\/IMG_2239.jpg?fit=640%2C480&ssl=1&resize=525%2C300 1.5x"},"classes":[]}],"jetpack_sharing_enabled":true,"_links":{"self":[{"href":"https:\/\/avb-schule.de\/cms\/wp-json\/wp\/v2\/pages\/39","targetHints":{"allow":["GET"]}}],"collection":[{"href":"https:\/\/avb-schule.de\/cms\/wp-json\/wp\/v2\/pages"}],"about":[{"href":"https:\/\/avb-schule.de\/cms\/wp-json\/wp\/v2\/types\/page"}],"author":[{"embeddable":true,"href":"https:\/\/avb-schule.de\/cms\/wp-json\/wp\/v2\/users\/1"}],"replies":[{"embeddable":true,"href":"https:\/\/avb-schule.de\/cms\/wp-json\/wp\/v2\/comments?post=39"}],"version-history":[{"count":25,"href":"https:\/\/avb-schule.de\/cms\/wp-json\/wp\/v2\/pages\/39\/revisions"}],"predecessor-version":[{"id":7100,"href":"https:\/\/avb-schule.de\/cms\/wp-json\/wp\/v2\/pages\/39\/revisions\/7100"}],"wp:attachment":[{"href":"https:\/\/avb-schule.de\/cms\/wp-json\/wp\/v2\/media?parent=39"}],"curies":[{"name":"wp","href":"https:\/\/api.w.org\/{rel}","templated":true}]}}