{"id":3882,"date":"2017-10-24T21:46:42","date_gmt":"2017-10-24T19:46:42","guid":{"rendered":"http:\/\/avb-schule.de\/cms\/?page_id=3882"},"modified":"2025-10-02T08:03:15","modified_gmt":"2025-10-02T06:03:15","slug":"schulpflegschaft","status":"publish","type":"page","link":"https:\/\/avb-schule.de\/cms\/schulpflegschaft\/","title":{"rendered":"Schulpflegschaft"},"content":{"rendered":"<p>Die Schulpflegschaft setzt sich aus den gew\u00e4hlten Elternvertretern der Klassenpflegschaften zusammen. Aus den Reihen der Schulpflegschaft wird der\/die Schulpflegschaftsvorsitzende und der\/die Stellvertreter\/Stellvertreterin gew\u00e4hlt.<\/p>\n<p>Schulpflegschaftsvorsitzende des Schuljahres 2025\/26:<\/p>\n<ul>\n<li>Frau Weyers<\/li>\n<\/ul>\n<p>Stellvertretende Schulpflegschaftsvorsitzende 2025\/26:<\/p>\n<ul>\n<li>Herr Nobis\u00a0<\/li>\n<\/ul>\n\n\n<p><\/p>\n","protected":false},"excerpt":{"rendered":"<p>Die Schulpflegschaft setzt sich aus den gew\u00e4hlten Elternvertretern der Klassenpflegschaften zusammen. Aus den Reihen der Schulpflegschaft wird der\/die Schulpflegschaftsvorsitzende und der\/die Stellvertreter\/Stellvertreterin gew\u00e4hlt. Schulpflegschaftsvorsitzende des Schuljahres 2025\/26: Frau Weyers Stellvertretende Schulpflegschaftsvorsitzende 2025\/26: Herr Nobis\u00a0<\/p>\n","protected":false},"author":1,"featured_media":0,"parent":0,"menu_order":0,"comment_status":"closed","ping_status":"closed","template":"","meta":{"jetpack_post_was_ever_published":false,"footnotes":""},"class_list":["post-3882","page","type-page","status-publish","hentry"],"jetpack_shortlink":"https:\/\/wp.me\/P4yvYV-10C","jetpack-related-posts":[{"id":4602,"url":"https:\/\/avb-schule.de\/cms\/ueber-unsere-schule\/","url_meta":{"origin":3882,"position":0},"title":"\u00dcber unsere Schule","author":"admin","date":"10. August 2018","format":false,"excerpt":"Team Betreuung & OGS F\u00f6rderverein Klassenpflegschaft Schulpflegschaft Schulkonferenz Geschichte Familie in Krise\u00a0","rel":"","context":"\u00c4hnlicher Beitrag","block_context":{"text":"\u00c4hnlicher Beitrag","link":""},"img":{"alt_text":"","src":"","width":0,"height":0},"classes":[]},{"id":2209,"url":"https:\/\/avb-schule.de\/cms\/schul-abc\/","url_meta":{"origin":3882,"position":1},"title":"Schul-ABC","author":"admin","date":"6. Mai 2016","format":false,"excerpt":"A Agnes-van-Brakel Agnes van Brakel war eine Viersenerin, die den Menschen im Krieg sehr viel geholfen hat. Sie wurde 1875 geboren, war verheiratet und hatte zwei S\u00f6hne. Die beiden Br\u00fcder fielen jedoch im 2. Weltkrieg und ihr Mann verstarb bereits sehr jung. Schon im 1. Weltkrieg versorgte sie die Viersener\u2026","rel":"","context":"\u00c4hnlicher Beitrag","block_context":{"text":"\u00c4hnlicher Beitrag","link":""},"img":{"alt_text":"","src":"","width":0,"height":0},"classes":[]},{"id":39,"url":"https:\/\/avb-schule.de\/cms\/klassenpflegschaft\/","url_meta":{"origin":3882,"position":2},"title":"Klassenpflegschaft","author":"admin","date":"19. April 2014","format":false,"excerpt":"Mitglieder der Klassenpflegschaft sind die Eltern der Sch\u00fclerinnen und Sch\u00fcler der Klasse, mit beratender Stimme die Klassenlehrerin oder der Klassenlehrer. Die Klassenpflegschaft w\u00e4hlt zu Beginn des Schuljahres eine Vorsitzende oder einen Vorsitzenden und eine Stellvertreterin oder einen Stellvertreter. Die Eltern haben f\u00fcr jedes Kind gemeinsam eine Stimme (SchG NRW \u00a7\u2026","rel":"","context":"\u00c4hnlicher Beitrag","block_context":{"text":"\u00c4hnlicher Beitrag","link":""},"img":{"alt_text":"","src":"","width":0,"height":0},"classes":[]},{"id":91,"url":"https:\/\/avb-schule.de\/cms\/schulkonferenz\/","url_meta":{"origin":3882,"position":3},"title":"Schulkonferenz","author":"admin","date":"22. April 2014","format":false,"excerpt":"An jeder Schule ist eine Schulkonferenz einzurichten. Sie ist das oberste Mitwirkungsgremium in der Schule, in dem alle an der Bildungs- und Erziehungsarbeit der Schule Beteiligten zusammenwirken. Sie ber\u00e4t in grunds\u00e4tzlichen Angelegenheiten der Schule und vermittelt bei Konflikten innerhalb der Schule. Sie kann Vorschl\u00e4ge und Anregungen an den Schultr\u00e4ger und\u2026","rel":"","context":"\u00c4hnlicher Beitrag","block_context":{"text":"\u00c4hnlicher Beitrag","link":""},"img":{"alt_text":"","src":"","width":0,"height":0},"classes":[]},{"id":3505,"url":"https:\/\/avb-schule.de\/cms\/schuelerparlament-2\/","url_meta":{"origin":3882,"position":4},"title":"Sch\u00fclerparlament","author":"admin","date":"22. August 2017","format":false,"excerpt":"Das Sch\u00fclerparlament setzt sich aus den Klassensprechern der einzelnen Klassen zusammen und besteht aus 8 Sch\u00fclerinnen und Sch\u00fclern mit Frau Lemmen als Leitung. Das Sch\u00fclerparlament k\u00fcmmert sich um alle Belange der AvB und deren Sch\u00fclerinnen und Sch\u00fclern, dem Kollegium und der OGS. Im letzten Parlament wurde beispielsweise diskutiert, dass die\u2026","rel":"","context":"\u00c4hnlicher Beitrag","block_context":{"text":"\u00c4hnlicher Beitrag","link":""},"img":{"alt_text":"","src":"","width":0,"height":0},"classes":[]},{"id":41,"url":"https:\/\/avb-schule.de\/cms\/geschichte\/","url_meta":{"origin":3882,"position":5},"title":"Geschichte","author":"admin","date":"19. April 2014","format":false,"excerpt":"Unser heutiges Schulgeb\u00e4ude wurde in den Jahren 1961\/62 am Ummertalweg erbaut. Bei der Einweihung am 06. Mai 1962 wurde die neue Volksschule zu Ehren der Viersener Ehrenb\u00fcrgerin Agnes-van-Brakel-Schule genannt. Agnes-van-Brakel war eine geb\u00fcrtige H\u00fclser aus der Wirtschaft auf dem Helenenberge. F\u00fcr die Viersener Bev\u00f6lkerung zeigte sie in beiden Weltkriegen und\u2026","rel":"","context":"\u00c4hnlicher Beitrag","block_context":{"text":"\u00c4hnlicher Beitrag","link":""},"img":{"alt_text":"","src":"https:\/\/i0.wp.com\/avb-schule.de\/cms\/wp-content\/uploads\/2014\/04\/011-003-klein.jpg?resize=350%2C200","width":350,"height":200},"classes":[]}],"jetpack_sharing_enabled":true,"_links":{"self":[{"href":"https:\/\/avb-schule.de\/cms\/wp-json\/wp\/v2\/pages\/3882","targetHints":{"allow":["GET"]}}],"collection":[{"href":"https:\/\/avb-schule.de\/cms\/wp-json\/wp\/v2\/pages"}],"about":[{"href":"https:\/\/avb-schule.de\/cms\/wp-json\/wp\/v2\/types\/page"}],"author":[{"embeddable":true,"href":"https:\/\/avb-schule.de\/cms\/wp-json\/wp\/v2\/users\/1"}],"replies":[{"embeddable":true,"href":"https:\/\/avb-schule.de\/cms\/wp-json\/wp\/v2\/comments?post=3882"}],"version-history":[{"count":8,"href":"https:\/\/avb-schule.de\/cms\/wp-json\/wp\/v2\/pages\/3882\/revisions"}],"predecessor-version":[{"id":7108,"href":"https:\/\/avb-schule.de\/cms\/wp-json\/wp\/v2\/pages\/3882\/revisions\/7108"}],"wp:attachment":[{"href":"https:\/\/avb-schule.de\/cms\/wp-json\/wp\/v2\/media?parent=3882"}],"curies":[{"name":"wp","href":"https:\/\/api.w.org\/{rel}","templated":true}]}}