{"id":2209,"date":"2016-05-06T14:57:35","date_gmt":"2016-05-06T12:57:35","guid":{"rendered":"http:\/\/avb-schule.de\/cms\/?page_id=2209"},"modified":"2025-04-29T10:56:40","modified_gmt":"2025-04-29T08:56:40","slug":"schul-abc","status":"publish","type":"page","link":"https:\/\/avb-schule.de\/cms\/schul-abc\/","title":{"rendered":"Schul-ABC"},"content":{"rendered":"<h2>A<\/h2>\n<p><strong>Agnes-van-Brakel<br \/>\n<\/strong>Agnes van Brakel war eine Viersenerin, die den Menschen im Krieg sehr viel geholfen hat. Sie wurde 1875 geboren, war verheiratet und hatte zwei S\u00f6hne. Die beiden Br\u00fcder fielen jedoch im 2. Weltkrieg und ihr Mann verstarb bereits sehr jung. Schon im 1. Weltkrieg versorgte sie die Viersener mit Lebensmitteln und half bed\u00fcrftigen Menschen. Im folgenden Krieg baute sie zur Versorgung der B\u00fcrger eine Suppenk\u00fcche im Keller der Festhalle auf, die nach den Notzeiten zur Versorgung der Sch\u00fcler genutzt wurde. Agnes van Brakel wurde 1950 Ehrenb\u00fcrgerin der Stadt Viersen und erhielt sogar das Bundesverdienstkreuz. Sie starb 1954. Heute sind zum Beispiel unsere Schule und eine Stra\u00dfe in Viersen nach ihr benannt.<strong>\u00a0<\/strong><\/p>\n<p><strong>Adresse:<br \/>\n<\/strong>Agnes-van-Brakel-Schule<br \/>\nSt\u00e4dtische katholische Grundschule<br \/>\nUmmertalweg 51<br \/>\n41 748 Viersen<br \/>\nTel.: 02162\/13454<br \/>\nFax: 02162\/268457<br \/>\nE-Mail: 108546@schule.nrw.de<br \/>\n<a href=\"http:\/\/www.avb-schule.de\">www.avb-schule.de<\/a><\/p>\n<p><strong>\u00a0<\/strong><strong>Adventssingen<br \/>\n<\/strong>In der Adventszeit versammeln wir uns montags in der ersten Stunde zu einer kurzen Feier im Treppenhaus um den Adventskranz. Wir singen gemeinsam Lieder, h\u00f6ren Gedichte oder eine Geschichte. Diese Feier wird immer von einer Klasse vorbereitet.<\/p>\n<p><strong>Ampel<br \/>\n<\/strong>An unserer Eingangst\u00fcr gibt es Ampeln. Sobald eine Aufsichtsperson im Klassenraum ist, ist das Klassentier der Klasse zu sehen. Die Kinder dieser Klasse k\u00f6nnen dann in ihren Raum gehen. Zeigt die Ampel ein Stoppschild, warten die Kinder auf dem Schulhof, bis sie in die Klasse gehen k\u00f6nnen.<\/p>\n<p><strong>Ansprechpartner<br \/>\n<\/strong>\u00dcber die im Punkt \u201eAdresse\u201c angegebenen Kontaktdaten kann unsere Schule jederzeit erreicht werden.<\/p>\n<h2>B<\/h2>\n<p><strong>Betreuung<br \/>\n<\/strong>\u201eVerl\u00e4ssliche Schule\u201c hei\u00dft das Stichwort f\u00fcr die Betreuung von 8-13 Uhr, zu der die Kinder angemeldet werden k\u00f6nnen. Die verl\u00e4ssliche Schule wird von Frau Wiebe geleitet. Hier k\u00f6nnen die Kinder spielen, toben, malen, basteln und vieles andere mehr machen, um sich von dem anstrengenden Schulmorgen zu entspannen. Bis sp\u00e4testens 13.30 Uhr werden die Kinder in der Betreuung abgeholt.<\/p>\n<p><strong>Bewegung macht schlau!<br \/>\n<\/strong>Die t\u00e4gliche Bewegung der Kinder ist uns wichtig, um das Gehirn in Schwung zu bringen. Einmal im Jahr aber setzt sich die ganze Schule in Bewegung und gestaltet einen gemeinsamen Bewegungstag auf dem angrenzenden Sportplatz. Bei Spiel, Spa\u00df und Spannung werden die Schulb\u00fccher vergessen und der K\u00f6rper bewegt.<\/p>\n<p><strong>Beurlaubung<br \/>\n<\/strong>Beurlaubungen bis zu einem Tag k\u00f6nnen auf schriftlichen Antrag der Eltern durch die Klassenlehrerin erteilt werden. Soll ein Kind l\u00e4nger als einen Tag beurlaubt werden, ist die Erlaubnis der Schulleitung erforderlich. Beurlaubungen im Zusammenhang mit Ferien sind nicht m\u00f6glich.<\/p>\n<p><strong>B\u00fccherei<br \/>\n<\/strong>Regelm\u00e4\u00dfig kann jedes Kind unserer Schule B\u00fccher aus unserer schuleigenen Schulb\u00fccherei ausleihen. Flei\u00dfige Helfer aus der Elternschaft machen es m\u00f6glich, dass die Kinder aller Jahrgangsstufen, in aller Ruhe schm\u00f6kern und aussuchen k\u00f6nnen. Dabei werden die Unentschlossenen auch gerne fachm\u00e4nnisch beraten.<\/p>\n<p><strong>Bus<br \/>\n<\/strong>Einige Kinder werden morgens und mittags mit dem Schulbus bef\u00f6rdert. N\u00e4here Informationen zu den Bushaltestellen und den Abfahrts- bzw. Ankunftszeiten erhalten Sie in der Schule.<\/p>\n<h2>C<\/h2>\n<p><strong>Coca-Cola zum Fr\u00fchst\u00fcck? Nein, Danke!<br \/>\n<\/strong>Ein gesundes Fr\u00fchst\u00fcck ist f\u00fcr die Energieversorgung der Kinder sehr wichtig. Nach den beiden ersten Schulstunden m\u00fcssen die \u201eAkkus\u201c wieder aufgeladen werden. Dazu eignet sich am besten Obst, Gem\u00fcse, K\u00f6rnerbrot und ein gesundes Getr\u00e4nk.<\/p>\n<h2>D<\/h2>\n<p><strong>Differenzierung<br \/>\n<\/strong>Da die Kinder alle mit unterschiedlichen Erfahrungen, Entwicklungsst\u00e4nden, F\u00e4higkeiten, Wissen und Kenntnissen in die Schule kommen, wird darauf im Unterricht in unterschiedlicher Weise eingegangen. Die verschiedenen Formen der Differenzierung sollen jedem Kind die M\u00f6glichkeit geben, Erfolge zu sammeln.<\/p>\n<p><strong>Dienste<br \/>\n<\/strong>Stuhldienst, Austeildienst, Tafeldienst, Blumendienst, Tischdienst, \u2026 die unterschiedlichsten Dienste werden in den Klassen von den Kindern \u00fcbernommen und durchgef\u00fchrt. Dies ist uns sehr wichtig, weil sie die Selbstst\u00e4ndigkeit der Kinder f\u00f6rdern.<\/p>\n<h2>E<\/h2>\n<p><strong>Einschulung<br \/>\n<\/strong>An der Agnes-van-Brakel-Grundschule findet die Einschulung immer am zweiten Schultag nach den Sommerferien statt. Diese startet in jedem Jahr mit einem Gottesdienst in der Kirche St. Helena. Danach werden die Schulneulinge begr\u00fc\u00dft und es findet die erste Unterrichtsstunde im Klassenraum statt.<\/p>\n<p><strong>Eltern: Mitarbeit, Mitwirkung, Vertrauen, \u2026<br \/>\n<\/strong>Die Eltern haben die M\u00f6glichkeit, durch ihre Vertretungen an der Gestaltung der Schule mitzuwirken. Die Gremien, bei denen die Eltern mitwirken k\u00f6nnen, sind die Klassenpflegschaft, die Klassenkonferenz, die Schulpflegschaft, die Fachkonferenzen und die Schulkonferenz. Aber auch bei den Projekten und Aktivit\u00e4ten ist die Elternhilfe nicht wegzudenken. Bei allen Mitwirkungsgremien und Einblicken in den Schulalltag ist es unabdingbar, dass im Interesse des Kindes die Zusammenarbeit zwischen Elternhaus und Schule von gegenseitigem Vertrauen und Offenheit gepr\u00e4gt ist, aber auch die Schweigepflicht gewahrt wird.<\/p>\n<h2>F<\/h2>\n<p><strong>F\u00f6rderverein<br \/>\n<\/strong>Der F\u00f6rderverein unserer Schule unterst\u00fctzt die Arbeit der Lehrer*innen und Eltern, indem er f\u00fcr wichtige Dinge, die angeschafft werden m\u00fcssen, Gelder bereit stellt. Ein Projekt war die Neugestaltung des Schulhofes mit tollen Spielger\u00e4ten. Bei den Kindern besonders beliebt ist die Nestschaukel. Weitere Anschaffungen des F\u00f6rdervereins sind die Schul-T-Shirts mit dem Schullogo. Der F\u00f6rderverein unterst\u00fctzte weitere Projekte, wie unser Zirkusprojekt, Ausfl\u00fcge, B\u00fccher und vieles mehr.<\/p>\n<h2>J<\/h2>\n<p><strong>Gottesdienst<br \/>\n<\/strong>Alle religi\u00f6sen Feste werden in Zusammenarbeit mit unserer Kirchengemeinde gefeiert. Alle Klassen besuchen regelm\u00e4\u00dfig Gottesdienste, die unsere Kinder mitgestalten. Die Klassen drei und vier besuchen alle 14 Tage den Schulgottesdienst.<\/p>\n<h2>H<\/h2>\n<p><strong>Hausaufgaben<\/strong><\/p>\n<p>Die Kinder bekommen einmal die Woche einen Lernzeitplan den sie im Schulvormittag bearbeiten. Bitte achten Sie darauf, dass der Lernzeitplan zuhause beendet wird. Es gibt immer eine Wochenhausaufgabe f\u00fcr zuhause, die bis zur n\u00e4chsten Woche erledigt werden muss.<\/p>\n<p><strong>Homepage<br \/>\n<\/strong>Unsere Schule ist unter <a href=\"http:\/\/www.avb-schule.de\">www.avb-schule.de<\/a> im Internet vertreten. Diese gestaltete Internetseite informiert die Leser \u00fcber unser Schulprofil und zeigt Bilder und Kommentare \u00fcber aktuelle Aktionen.<\/p>\n<h2>I<\/h2>\n<p><strong>Information<br \/>\n<\/strong>Alle wichtigen Informationen erfahren Interessierte auf unserer Homepage der Schule. Elternbriefe finden Sie auf Logineo.<\/p>\n<h2>K<\/h2>\n<p><strong>Katholische Grundschule<br \/>\n<\/strong>Unsere Schule ist eine Bekenntnisschule. Mit der Anmeldung erkl\u00e4ren sich die Eltern damit einverstanden, dass ihre Kinder am katholischen Leben mit seinen Festen, Feiern und Kirchenbesuchen in unserer Pfarrkirche Sankt Helena teilnehmen. Alle Kinder nehmen am katholischen Religionsunterricht teil.<\/p>\n<p><strong>Kooperationspartner<br \/>\n<\/strong>Unsere Schule hat viele Kontakte zu au\u00dferschulischen Institutionen, wie z.B. unsere Kirchengemeinde, unsere Kinderg\u00e4rten, die Musikschule und die Stadtbibliothek.<\/p>\n<p><strong>Krankmeldung<br \/>\n<\/strong>Wir bitten darum ein Kind bis 7:50 Uhr telefonisch an unserer Schule krank zu melden. F\u00fcr l\u00e4ngere Krankmeldungen oder Krankheit vor den Ferien ben\u00f6tigen wir ein \u00e4rztliches Attest. Auch bei Nichtteilnahme am Sportunterricht muss ihr Kind eine schriftliche Entschuldigung vorlegen oder bei l\u00e4nger andauerndem Fehlen auch ein \u00e4rztliches Attest.<\/p>\n<p><strong>Kulturstrolche<br \/>\n<\/strong>Begegnungen zwischen Kindern und Kultur schaffen \u2013 ein ganzes (Grundschul-) Leben lang \u2013 das ist das Ziel des Projekts \u201eKulturstrolche\u201c. Kulturinstitutionen und K\u00fcnstlerinnen oder K\u00fcnstler \u00f6ffnen ihre Tore und laden die Kulturstrolche ein, auch einmal hinter die Kulissen zu blicken. In einigen Klassen haben die Sch\u00fclerinnen und Sch\u00fcler die Gelegenheit Kultur auszuprobieren und selbst zu entdecken, was ihnen gef\u00e4llt und besonderen Spa\u00df macht. Denn Kulturstrolche gucken nicht nur zu, sie experimentieren, hinterfragen und sind ganz aktiv mit dabei!<\/p>\n<h2>L<\/h2>\n<p><strong>Lesen<br \/>\n<\/strong>Die Lesef\u00f6rderung der Kinder hat an unserer Schule einen hohen Stellenwert und findet auf vielfache Weise statt. Regelm\u00e4\u00dfig findet ein<strong> \u201e<\/strong>offenes Vorlesen\u201c statt, bei dem den Kindern in klassen\u00fcbergreifenden Gruppen und in gem\u00fctlicher Atmosph\u00e4re aus einem Kinderbuch vorgelesen wird. Die Kinder k\u00f6nnen aus einem Angebot von sechs bis acht Kinderb\u00fcchern ihr Lieblingsbuch ausw\u00e4hlen. Auch Lesehelfer unterst\u00fctzen den Leselernprozess der Kinder, indem sie mit einzelnen Kindern oder Kleingruppen verschiedene Lese\u00fcbungen durchf\u00fchren.<\/p>\n<h2>M<\/h2>\n<p><strong>Morgenkreis<br \/>\n<\/strong>Der Unterricht beginnt oft mit einem gemeinsamen Morgenkreis, in dem die Lehrerin und die Kinder ein Morgengebet sprechen, ein Begr\u00fc\u00dfungslied singen und den Tagesplan besprechen.<\/p>\n<h2>N<\/h2>\n<p><strong>NAWI-Tag<br \/>\n<\/strong>in regelm\u00e4\u00dfigen Abst\u00e4nden findet unser NAWI \u2013 Tag (naturwissenschaftlicher Tag) statt, bei dem ein naturwissenschaftliches Thema wie beispielsweise Feuer, Wasser, Luft im Mittelpunkt steht. An zahlreichen Experimentierstationen f\u00fchren die Kinder in Kleingruppen rund um das jeweilige Thema viele verschiedene Experimente durch.<\/p>\n<p><strong>Noten<br \/>\n<\/strong>Im ersten Schuljahr gibt es keine Noten, sondern am Schuljahresende eine schriftliche Beurteilung. Am Ende von Klasse zwei und in Klasse drei zum Halbjahr und am Schuljahresende bekommen die Sch\u00fcler eine Beurteilung und Noten. Im vierten Schuljahr erhalten sie reine Notenzeugnisse. Zum Halbjahr der Klasse vier erfolgt zus\u00e4tzlich eine schriftliche Empfehlung zum Besuch der weiterf\u00fchrenden Schulen.<\/p>\n<h2>O<\/h2>\n<p><strong>Offener Anfang<br \/>\n<\/strong>Der Unterrichtsmorgen beginnt an unserer Schule mit einem offenen Anfang. Dies bedeutet, dass die Kinder ab 7.55 Uhr in den Klassenraum gehen k\u00f6nnen und bis 8.10 Uhr oder l\u00e4nger individuell an verschiedenen, vom Lehrer vorgegebenen Aufgaben arbeiten, angefangene Arbeiten vom Vortag beenden oder Freiarbeit machen.<\/p>\n<p><strong>OGS \u2013 Offene Ganztagsschule \u2013<br \/>\n<\/strong>In der Zeit von 8.00 Uhr bis 16.30 Uhr werden die angemeldeten Kinder in unserer OGS vor und nach dem Unterricht betreut. Die Kinder essen gemeinsam zu Mittag und k\u00f6nnen an Aktivit\u00e4ten und anderen sportlichen und kreativen Angeboten teilnehmen. Spielen in den Gruppenr\u00e4umen oder auf dem Schulhof ist nach vorheriger Absprache mit den Gruppenleiterinnen jederzeit m\u00f6glich.<\/p>\n<h2>P<\/h2>\n<p><strong>Pausenausleihe<br \/>\n<\/strong>W\u00e4hrend der gro\u00dfen Hofpause k\u00f6nnen sich die Kinder Pausenspielzeuge wie Stelzen, Pedalos, Reifen, Seilchen, verschiedene B\u00e4lle etc. ausleihen. Diese Ausleihe wird von den Jahrgangsstufen drei und vier organisiert.<\/p>\n<h2>Q<\/h2>\n<p><strong>Quatschen<br \/>\n<\/strong>Quatschen zwischen \u201eT\u00fcr und Angel\u201c m\u00f6gen wir nur in wenigen F\u00e4llen. Lieber nehmen wir uns Zeit f\u00fcr Ihre und unsere Anliegen und vereinbaren telefonisch gerne einen Termin f\u00fcr ein ausf\u00fchrliches Gespr\u00e4ch mit Ihnen.<\/p>\n<h2>R<\/h2>\n<p><strong>Ranzen<br \/>\n<\/strong>Die Ranzen unserer Sch\u00fcler*innen sind nicht so schwer. Viele F\u00e4cher und Aufbewahrungsm\u00f6glichkeiten sorgen daf\u00fcr, dass Dinge, die f\u00fcr die Arbeit zu Hause nicht gebraucht werden, in der Schule bleiben k\u00f6nnen.<\/p>\n<h2>S<\/h2>\n<p><strong>Sankt Martin<br \/>\n<\/strong>Jedes Jahr nehmen die Klassen mit ihren selbst gebastelten Laternen geschlossen am Martinszug teil. Nach dem Martinszug und dem Martinsfeuer auf der Festwiese findet auf dem Schulhof, vom Martinsverein organisiert, ein gem\u00fctliches Beisammensein bei Punsch und Gl\u00fchwein statt. Der Martinszug findet meist am Freitag nach Sankt Martin statt.<\/p>\n<p><strong>Sekretariat<br \/>\n<\/strong>Das Schulsekretariat erreichen Sie unter folgender Telefonnummer: 02162\/13454.<\/p>\n<p><strong>Sprechtag f\u00fcr Sch\u00fcler und Eltern<br \/>\n<\/strong>In unserer schulischen Arbeit geht es um die Kinder und ihre Lernfortschritte. Hier ist es uns wichtig, auch Zeit f\u00fcr pers\u00f6nliche Gespr\u00e4che mit den Sch\u00fcler*innen zu haben, um sowohl unsere als auch die Anliegen der Kinder zu besprechen.<\/p>\n<p><strong>Schwimmen<br \/>\n<\/strong>Schwimmen findet bei uns in der Jahrgangsstufe drei und vier statt. Jede Klasse f\u00e4hrt ein halbes Schuljahr eine Doppelstunde lang ins Schwimmbad.<\/p>\n<h2>T<\/h2>\n<p><strong>Trommeln<br \/>\n<\/strong>Trommeln und Percussion ist an unserer Schule ein gro\u00dfes Thema. In Zusammenarbeit mit der Kreismusikschule haben die Zweit- bis Viertkl\u00e4ssler eine Percussion-Stunde. Hier werden Body-Percussion und kleine St\u00fccke mit Djemben oder Congas einge\u00fcbt. Bei unseren Festen ist es immer ein Genuss, den einge\u00fcbten Rhythmen zu lauschen. Die Kinder haben riesigen Spa\u00df, ihre erarbeiteten St\u00fccke vor Publikum zu pr\u00e4sentieren.<\/p>\n<h2>U<\/h2>\n<p><strong>Unterrichtsmaterialien<br \/>\n<\/strong>Unterrichtsmaterialien, wie vor allem das vollst\u00e4ndige M\u00e4ppchen, der Kleber und die Schere sind unser Handwerkszeug. Ohne diese Dinge k\u00f6nnen wir nicht arbeiten. Wir vergleichen dies gerne mit dem Handwerker, der ohne seine Werkzeuge wie Hammer und S\u00e4ge nicht arbeiten kann. Gerne helfen wir den Kindern beim Zusammenhalten dieser Materialien. Machen Sie mit! Bitte denken auch Sie mit an stets vollst\u00e4ndiges Sportzeug.<\/p>\n<p><strong>Unterrichtszeiten<\/strong><\/p>\n<p>Offener Anfang:\u00a0\u00a0\u00a0\u00a0 7.55 Uhr \u2013 8.10 Uhr<\/p>\n<ol>\n<li>Stunde: 8.10 Uhr\u2013 8.55 Uhr<\/li>\n<li>Stunde: 8.55 Uhr \u2013 9.40 Uhr<br \/>\nHofpause: 9.40 Uhr \u2013 10.00 Uhr<br \/>\nFr\u00fchst\u00fcckspause: 10.00 Uhr \u2013 10.15 Uhr<\/li>\n<\/ol>\n<ol start=\"3\">\n<li>Stunde: 10.15 Uhr \u2013 11.00 Uhr<\/li>\n<li>Stunde: 11.00 Uhr \u2013 11.45 Uhr<br \/>\nHofpause: 11.45 Uhr \u2013 12.00 Uhr<\/li>\n<\/ol>\n<ol start=\"5\">\n<li>Stunde: 12.00 Uhr \u2013 12.45 Uhr<\/li>\n<li>Stunde: 12:45 Uhr \u2013 13.30 Uhr<\/li>\n<\/ol>\n<h2>V<\/h2>\n<p><strong>Verkehrserziehung<br \/>\n<\/strong>Verkehrserziehung ist ein Bereich des Sachunterrichts, der die Kinder auf die Teilnahme am Stra\u00dfenverkehr vorbereiten soll. Alle Viertkl\u00e4ssler Kinder legen ihre Fahrradpr\u00fcfung ab. Der Verkehrspolizist f\u00fchrt in allen Klassen Verkehrsschulungen durch und j\u00e4hrlich besuchen auch alle Kinder einmal die Jugendverkehrsschule.<\/p>\n<p><strong>Verl\u00e4ssliche Grundschule<br \/>\n<\/strong>Die verl\u00e4ssliche Grundschule besteht aus der Betreuung und der offenen Ganztagsschule. Von 8.00 Uhr bis 11.45 Uhr k\u00f6nnen Sie verl\u00e4sslich mit der Betreuung ihrer Kinder rechnen.<\/p>\n<h2>W<\/h2>\n<p><strong>Wandertag<br \/>\n<\/strong>Beim j\u00e4hrlichen Wandertag ist die ganze Schule auf den Beinen. Oft haben wir bereits die Neersener Schlossfestspiele besucht oder das Schloss Dyck erkundet.<\/p>\n<h2>Y<\/h2>\n<p><strong>Yes<\/strong>,<br \/>\nwe can speak english. An der AvB haben die Kinder ab der 3. Klasse Englischunterricht.<\/p>\n<h2>Z<\/h2>\n<p><strong>Zahngesundheit<br \/>\n<\/strong>Der Zahnarzt besucht uns einmal im Jahr. Er f\u00fchrt bei jedem Kind eine zahn\u00e4rztliche Untersuchung durch. Diese dient der Kontrolle, aber auch der Prophylaxe.\u00a0Das Team der \u201eZahngesundheit\u201c des Kreises Viersen besucht uns ebenfalls einmal pro Schuljahr. Dann wird \u00fcber gesunde Ern\u00e4hrung gesprochen, werden Brotgesichter gestaltet und gegessen, wird das Z\u00e4hneputzen ge\u00fcbt oder an Stationen vieles \u00fcber unsere Z\u00e4hne und ihre Pflege gelernt und ausprobiert.<\/p>\n","protected":false},"excerpt":{"rendered":"<p>A Agnes-van-Brakel Agnes van Brakel war eine Viersenerin, die den Menschen im Krieg sehr viel geholfen hat. Sie wurde 1875 geboren, war verheiratet und hatte zwei S\u00f6hne. Die beiden Br\u00fcder fielen jedoch im 2. Weltkrieg und ihr Mann verstarb bereits sehr jung. Schon im 1. Weltkrieg versorgte sie die Viersener [&hellip;]<\/p>\n","protected":false},"author":1,"featured_media":0,"parent":0,"menu_order":0,"comment_status":"closed","ping_status":"closed","template":"","meta":{"jetpack_post_was_ever_published":false,"footnotes":""},"class_list":["post-2209","page","type-page","status-publish","hentry"],"jetpack_shortlink":"https:\/\/wp.me\/P4yvYV-zD","jetpack-related-posts":[{"id":41,"url":"https:\/\/avb-schule.de\/cms\/geschichte\/","url_meta":{"origin":2209,"position":0},"title":"Geschichte","author":"admin","date":"19. April 2014","format":false,"excerpt":"Unser heutiges Schulgeb\u00e4ude wurde in den Jahren 1961\/62 am Ummertalweg erbaut. Bei der Einweihung am 06. Mai 1962 wurde die neue Volksschule zu Ehren der Viersener Ehrenb\u00fcrgerin Agnes-van-Brakel-Schule genannt. Agnes-van-Brakel war eine geb\u00fcrtige H\u00fclser aus der Wirtschaft auf dem Helenenberge. F\u00fcr die Viersener Bev\u00f6lkerung zeigte sie in beiden Weltkriegen und\u2026","rel":"","context":"\u00c4hnlicher Beitrag","block_context":{"text":"\u00c4hnlicher Beitrag","link":""},"img":{"alt_text":"","src":"https:\/\/i0.wp.com\/avb-schule.de\/cms\/wp-content\/uploads\/2014\/04\/011-003-klein.jpg?resize=350%2C200","width":350,"height":200},"classes":[]},{"id":6687,"url":"https:\/\/avb-schule.de\/cms\/kontakt\/","url_meta":{"origin":2209,"position":1},"title":"Kontakt","author":"admin","date":"10. Februar 2024","format":false,"excerpt":"Agnes-van-Brakel-Schule St\u00e4dtische kath. Grundschule Ummertalweg 51, 41748 Viersen Tel: 02162\/13454 E-Mail: 108546@schule.nrw.de Die \u00d6ffnungszeiten des Sekretariats sind: montags - mittwochs: 7:45 -10:15 Uhr & donnerstags: 7:45 - 10:05 \u00a0Uhr","rel":"","context":"\u00c4hnlicher Beitrag","block_context":{"text":"\u00c4hnlicher Beitrag","link":""},"img":{"alt_text":"","src":"","width":0,"height":0},"classes":[]},{"id":49,"url":"https:\/\/avb-schule.de\/cms\/betreuung-ogs\/","url_meta":{"origin":2209,"position":2},"title":"Betreuung &#038; OGS","author":"admin","date":"19. April 2014","format":false,"excerpt":"Betreuung: Leitung: Frau Nadine Drabe Tr\u00e4ger: Stadt Viersen OGS: Leitung: Frau Nadine Drabe Tr\u00e4ger: Stadt Viersen Telefon: 02162\/268473 E-Mail: ogsteamavb@gmail.com Mitarbeiter: Frau Wiebe Frau Theven Frau Diaferia Frau Katzler Betreuung und OGS: - An unserer Schule besteht die Betreuung aus folgenden Ma\u00dfnahmen: - Bereits seit vielen Jahren gibt es eine\u2026","rel":"","context":"\u00c4hnlicher Beitrag","block_context":{"text":"\u00c4hnlicher Beitrag","link":""},"img":{"alt_text":"","src":"","width":0,"height":0},"classes":[]},{"id":97,"url":"https:\/\/avb-schule.de\/cms\/foerderverein\/","url_meta":{"origin":2209,"position":3},"title":"F\u00f6rderverein","author":"admin","date":"22. April 2025","format":false,"excerpt":"Beitrittserkl\u00e4rung F\u00f6rderverein Im Jahr 1995 wurde von Eltern der F\u00f6rderverein gegr\u00fcndet mit dem Ziel, zus\u00e4tzliche Lehr- und Lernmittel zu beschaffen und die Schule bei Veranstaltungen zu unterst\u00fctzen. Fast die H\u00e4lfte der Eltern unterst\u00fctzen durch ihre Mitgliedschaft die Arbeit des F\u00f6rdervereins. \u00dcber folgenden Link k\u00f6nnen Sie verschiedene AvB Artikel bestellen:\u00a0https:\/\/www.greiss-textildruck.de\/c\/schulen-und-vereine\/bestellbereich-agnes-v-b-schule Projekte\u2026","rel":"","context":"\u00c4hnlicher Beitrag","block_context":{"text":"\u00c4hnlicher Beitrag","link":""},"img":{"alt_text":"","src":"","width":0,"height":0},"classes":[]},{"id":4270,"url":"https:\/\/avb-schule.de\/cms\/impressum-2\/","url_meta":{"origin":2209,"position":4},"title":"Impressum","author":"admin","date":"17. Mai 2018","format":false,"excerpt":"Adresse und Kontakt: Agnes-van-Brakel Schule, St\u00e4dtische kath. Grundschule, Ummertalweg 51, 41748 Viersen Tel: 02162 13454 E-Mail: 108546@schule.nrw.de Urheberrecht Texte, Bilder, Grafiken und Fotos sowie die Gestaltung dieser Internetseiten unterliegen dem Urheberrecht. Sie du\u0308rfen von Ihnen nur zum privaten und sonstigen eigenen Gebrauch im Rahmen des \u00a7 53 Urheberrechtsgesetz (UrhG) ohne\u2026","rel":"","context":"\u00c4hnlicher Beitrag","block_context":{"text":"\u00c4hnlicher Beitrag","link":""},"img":{"alt_text":"","src":"","width":0,"height":0},"classes":[]},{"id":4275,"url":"https:\/\/avb-schule.de\/cms\/datenschutz\/","url_meta":{"origin":2209,"position":5},"title":"Datenschutz","author":"admin","date":"17. Mai 2018","format":false,"excerpt":"Verantwortlicher und Datenschutzbeauftragter Agnes-van-Brakel Schule, St\u00e4dtische kath. Grundschule, Ummertalweg 51, 41748 Viersen Tel: 02162\/13454 E-Mail: 108546@schule.nrw.de Information \u00fcber die Erhebung personenbezogener Daten, Speicherdauer Im Folgenden informieren wir \u00fcber die Erhebung personenbezogener Daten bei Nutzung unserer Website. Personenbezogene Daten sind alle Daten, die auf Sie pers\u00f6nlich beziehbar sind, z. B. Name,\u2026","rel":"","context":"\u00c4hnlicher Beitrag","block_context":{"text":"\u00c4hnlicher Beitrag","link":""},"img":{"alt_text":"","src":"","width":0,"height":0},"classes":[]}],"jetpack_sharing_enabled":true,"_links":{"self":[{"href":"https:\/\/avb-schule.de\/cms\/wp-json\/wp\/v2\/pages\/2209","targetHints":{"allow":["GET"]}}],"collection":[{"href":"https:\/\/avb-schule.de\/cms\/wp-json\/wp\/v2\/pages"}],"about":[{"href":"https:\/\/avb-schule.de\/cms\/wp-json\/wp\/v2\/types\/page"}],"author":[{"embeddable":true,"href":"https:\/\/avb-schule.de\/cms\/wp-json\/wp\/v2\/users\/1"}],"replies":[{"embeddable":true,"href":"https:\/\/avb-schule.de\/cms\/wp-json\/wp\/v2\/comments?post=2209"}],"version-history":[{"count":13,"href":"https:\/\/avb-schule.de\/cms\/wp-json\/wp\/v2\/pages\/2209\/revisions"}],"predecessor-version":[{"id":6907,"href":"https:\/\/avb-schule.de\/cms\/wp-json\/wp\/v2\/pages\/2209\/revisions\/6907"}],"wp:attachment":[{"href":"https:\/\/avb-schule.de\/cms\/wp-json\/wp\/v2\/media?parent=2209"}],"curies":[{"name":"wp","href":"https:\/\/api.w.org\/{rel}","templated":true}]}}