{"id":2187,"date":"2016-05-06T14:28:38","date_gmt":"2016-05-06T12:28:38","guid":{"rendered":"http:\/\/avb-schule.de\/cms\/?page_id=2187"},"modified":"2018-08-10T21:24:18","modified_gmt":"2018-08-10T19:24:18","slug":"leitgedanken","status":"publish","type":"page","link":"https:\/\/avb-schule.de\/cms\/leitgedanken\/","title":{"rendered":"Leitgedanken"},"content":{"rendered":"<h4 style=\"text-align: left;\"><\/h4>\n<p>&nbsp;<\/p>\n<p>&nbsp;<\/p>\n<p><a href=\"https:\/\/i0.wp.com\/avb-schule.de\/cms\/wp-content\/uploads\/2016\/05\/leitgedanken-grafik.png\" rel=\"attachment wp-att-2269\"><img data-recalc-dims=\"1\" fetchpriority=\"high\" decoding=\"async\" data-attachment-id=\"2269\" data-permalink=\"https:\/\/avb-schule.de\/cms\/leitgedanken\/leitgedanken-grafik\/\" data-orig-file=\"https:\/\/i0.wp.com\/avb-schule.de\/cms\/wp-content\/uploads\/2016\/05\/leitgedanken-grafik.png?fit=675%2C999&amp;ssl=1\" data-orig-size=\"675,999\" data-comments-opened=\"0\" data-image-meta=\"{&quot;aperture&quot;:&quot;0&quot;,&quot;credit&quot;:&quot;&quot;,&quot;camera&quot;:&quot;&quot;,&quot;caption&quot;:&quot;&quot;,&quot;created_timestamp&quot;:&quot;0&quot;,&quot;copyright&quot;:&quot;&quot;,&quot;focal_length&quot;:&quot;0&quot;,&quot;iso&quot;:&quot;0&quot;,&quot;shutter_speed&quot;:&quot;0&quot;,&quot;title&quot;:&quot;&quot;,&quot;orientation&quot;:&quot;0&quot;}\" data-image-title=\"leitgedanken grafik\" data-image-description=\"\" data-image-caption=\"\" data-large-file=\"https:\/\/i0.wp.com\/avb-schule.de\/cms\/wp-content\/uploads\/2016\/05\/leitgedanken-grafik.png?fit=675%2C999&amp;ssl=1\" class=\"alignright wp-image-2269\" src=\"https:\/\/i0.wp.com\/avb-schule.de\/cms\/wp-content\/uploads\/2016\/05\/leitgedanken-grafik.png?resize=400%2C592\" alt=\"leitgedanken grafik\" width=\"400\" height=\"592\" srcset=\"https:\/\/i0.wp.com\/avb-schule.de\/cms\/wp-content\/uploads\/2016\/05\/leitgedanken-grafik.png?w=675&amp;ssl=1 675w, https:\/\/i0.wp.com\/avb-schule.de\/cms\/wp-content\/uploads\/2016\/05\/leitgedanken-grafik.png?resize=203%2C300&amp;ssl=1 203w\" sizes=\"(max-width: 400px) 100vw, 400px\" \/><\/a><\/p>\n<p><strong>Wir verstehen uns als eine Schule des Lebens und Lernens:<\/strong><\/p>\n<ul>\n<li>Das Kind steht im Mittelpunkt unserer Arbeit.<\/li>\n<li>Wir gehen friedlich miteinander um.<\/li>\n<li>Wir respektieren und helfen uns gegenseitig.<\/li>\n<li>Wir haben Zeit f\u00fcreinander.<\/li>\n<li>Bei uns sollen sich alle wohl f\u00fchlen.<\/li>\n<\/ul>\n<p><strong>Wir verstehen uns als eine Schule, die die Pers\u00f6nlichkeit jedes Kindes entwickelt:<\/strong><\/p>\n<ul>\n<li>Wir m\u00f6chten zu Selbstvertrauen und Toleranz erziehen.<\/li>\n<li>Ihr Kind soll sich zu einer eigenen Pers\u00f6nlichkeit entwickeln.<\/li>\n<li>Wir m\u00f6chten das Selbstwertgef\u00fchl Ihres Kindes st\u00e4rken.<\/li>\n<li>Wie akzeptieren uns gegenseitig in unserer Unterschiedlichkeit.<\/li>\n<li>Wir m\u00f6chten, dass Ihr Kind immer mehr eigenverantwortlich handelt.<\/li>\n<\/ul>\n<p><strong>Wir verstehen uns als eine Schule, in der die Gemeinschaft wichtig ist:<\/strong><\/p>\n<ul>\n<li>Wir f\u00fchren gemeinsame Aktionen innerhalb der Klassen- und Schulgemeinschaft durch.<\/li>\n<li>Wir f\u00f6rdern soziales Lernen und leben Demokratie.<\/li>\n<li>Wir f\u00f6rdern jahrgangs\u00fcbergreifendes Lernen<\/li>\n<li>Wir f\u00fchren den Klassenrat durch.<\/li>\n<li>Wir sind f\u00fcr kindorientierte Konfliktl\u00f6sungen.<\/li>\n<li>Wir kooperieren und arbeiten mit allen an Schule Beteiligten zusammen: Eltern, Kollegium, Sch\u00fclerinnen und Sch\u00fcler und OGS.<\/li>\n<\/ul>\n<p><strong>Wir verstehen uns als eine Schule, die f\u00f6rdert und fordert:<\/strong><\/p>\n<ul>\n<li>Wir holen die Kinder dort ab, wo sie stehen.<\/li>\n<li>Wir ber\u00fccksichtigen die individuellen Lernvoraussetzungen.<\/li>\n<li>Mit unserem F\u00f6rder- und Forderkonzept m\u00f6chten wir die Kinder in ihrem Lernen weiter bringen.<\/li>\n<li>Wir vermitteln die grundlegenden Kulturtechniken.<\/li>\n<li>Wir setzen offene Lern- und Arbeitsformen um.<\/li>\n<li>Wir setzen Methoden des kooperativen Lernens ein.<\/li>\n<\/ul>\n<p><strong>Wir sind eine Schule in Bewegung:<\/strong><\/p>\n<ul>\n<li>Wir rhythmisieren den Schulmorgen durch Phasen der Anspannung, Entspannung und Bewegung.<\/li>\n<li>Wir f\u00fchren Spiel- und Sportfeste durch.<\/li>\n<li>Wir haben eine angeleitete Hof- und Bewegungspause.<\/li>\n<li>Die Kinder haben die M\u00f6glichkeit, in der gro\u00dfen Pause Spiele auszuleihen.<\/li>\n<li>Auf unserem kleinen Schulhof wird in der Pause Fu\u00dfball gespielt.<\/li>\n<li>Bewegung spielt auch in der OGS eine gro\u00dfe Rolle.<\/li>\n<li>Wir sind fit4future (Projekt der DAK).<\/li>\n<\/ul>\n<p><strong>Wir verstehen uns als eine Schule, die christliche Werte vermittelt:<\/strong><\/p>\n<ul>\n<li>Wir gehen achtsam mit Menschen und Dingen um.<\/li>\n<li>Wir legen Wert auf ein respektvolles Miteinander.<\/li>\n<li>Wir feiern die traditionellen christlichen Feste.<\/li>\n<li>Wir feiern gemeinsame Gottesdienste.<\/li>\n<li>Wir beten gemeinsam.<\/li>\n<\/ul>\n<p>Ein st\u00e4ndiger kritischer Gedankenaustauschinnerhalb der Schule mit allen Beteiligten, die sich f\u00fcr das Wohl der Kinder einsetzen ist zur Umsetzung der aufgestellten Leitgedanken von gro\u00dfer Bedeutung. Deshalb wird die Kooperation bei uns gro\u00df geschrieben. Unser Team besteht aus den verschiedenen Gremien Kollegium, OGS-Team, Hausmeister und Schulsekret\u00e4rin.<\/p>\n<p>&nbsp;<\/p>\n","protected":false},"excerpt":{"rendered":"<p>&nbsp; &nbsp; Wir verstehen uns als eine Schule des Lebens und Lernens: Das Kind steht im Mittelpunkt unserer Arbeit. Wir gehen friedlich miteinander um. Wir respektieren und helfen uns gegenseitig. Wir haben Zeit f\u00fcreinander. Bei uns sollen sich alle wohl f\u00fchlen. Wir verstehen uns als eine Schule, die die Pers\u00f6nlichkeit [&hellip;]<\/p>\n","protected":false},"author":1,"featured_media":0,"parent":0,"menu_order":0,"comment_status":"closed","ping_status":"closed","template":"","meta":{"jetpack_post_was_ever_published":false,"footnotes":""},"class_list":["post-2187","page","type-page","status-publish","hentry"],"jetpack_shortlink":"https:\/\/wp.me\/P4yvYV-zh","jetpack-related-posts":[{"id":4275,"url":"https:\/\/avb-schule.de\/cms\/datenschutz\/","url_meta":{"origin":2187,"position":0},"title":"Datenschutz","author":"admin","date":"17. Mai 2018","format":false,"excerpt":"Verantwortlicher und Datenschutzbeauftragter Agnes-van-Brakel Schule, St\u00e4dtische kath. Grundschule, Ummertalweg 51, 41748 Viersen Tel: 02162\/13454 E-Mail: 108546@schule.nrw.de Information \u00fcber die Erhebung personenbezogener Daten, Speicherdauer Im Folgenden informieren wir \u00fcber die Erhebung personenbezogener Daten bei Nutzung unserer Website. Personenbezogene Daten sind alle Daten, die auf Sie pers\u00f6nlich beziehbar sind, z. B. Name,\u2026","rel":"","context":"\u00c4hnlicher Beitrag","block_context":{"text":"\u00c4hnlicher Beitrag","link":""},"img":{"alt_text":"","src":"","width":0,"height":0},"classes":[]},{"id":2209,"url":"https:\/\/avb-schule.de\/cms\/schul-abc\/","url_meta":{"origin":2187,"position":1},"title":"Schul-ABC","author":"admin","date":"6. Mai 2016","format":false,"excerpt":"A Agnes-van-Brakel Agnes van Brakel war eine Viersenerin, die den Menschen im Krieg sehr viel geholfen hat. Sie wurde 1875 geboren, war verheiratet und hatte zwei S\u00f6hne. Die beiden Br\u00fcder fielen jedoch im 2. Weltkrieg und ihr Mann verstarb bereits sehr jung. Schon im 1. Weltkrieg versorgte sie die Viersener\u2026","rel":"","context":"\u00c4hnlicher Beitrag","block_context":{"text":"\u00c4hnlicher Beitrag","link":""},"img":{"alt_text":"","src":"","width":0,"height":0},"classes":[]},{"id":3505,"url":"https:\/\/avb-schule.de\/cms\/schuelerparlament-2\/","url_meta":{"origin":2187,"position":2},"title":"Sch\u00fclerparlament","author":"admin","date":"22. August 2017","format":false,"excerpt":"Das Sch\u00fclerparlament setzt sich aus den Klassensprechern der einzelnen Klassen zusammen und besteht aus 8 Sch\u00fclerinnen und Sch\u00fclern mit Frau Lemmen als Leitung. Das Sch\u00fclerparlament k\u00fcmmert sich um alle Belange der AvB und deren Sch\u00fclerinnen und Sch\u00fclern, dem Kollegium und der OGS. Im letzten Parlament wurde beispielsweise diskutiert, dass die\u2026","rel":"","context":"\u00c4hnlicher Beitrag","block_context":{"text":"\u00c4hnlicher Beitrag","link":""},"img":{"alt_text":"","src":"","width":0,"height":0},"classes":[]},{"id":49,"url":"https:\/\/avb-schule.de\/cms\/betreuung-ogs\/","url_meta":{"origin":2187,"position":3},"title":"Betreuung &#038; OGS","author":"admin","date":"19. April 2014","format":false,"excerpt":"Betreuung: Leitung: Frau Nadine Drabe Tr\u00e4ger: Stadt Viersen OGS: Leitung: Frau Nadine Drabe Tr\u00e4ger: Stadt Viersen Telefon: 02162\/268473 E-Mail: ogsteamavb@gmail.com Mitarbeiter: Frau Wiebe Frau Theven Frau Diaferia Frau Katzler Betreuung und OGS: - An unserer Schule besteht die Betreuung aus folgenden Ma\u00dfnahmen: - Bereits seit vielen Jahren gibt es eine\u2026","rel":"","context":"\u00c4hnlicher Beitrag","block_context":{"text":"\u00c4hnlicher Beitrag","link":""},"img":{"alt_text":"","src":"","width":0,"height":0},"classes":[]},{"id":4642,"url":"https:\/\/avb-schule.de\/cms\/schueler-2\/","url_meta":{"origin":2187,"position":4},"title":"Sch\u00fcler","author":"admin","date":"10. August 2018","format":false,"excerpt":"Das sind wir! Sch\u00fclerparlament AvB-Kids","rel":"","context":"\u00c4hnlicher Beitrag","block_context":{"text":"\u00c4hnlicher Beitrag","link":""},"img":{"alt_text":"","src":"","width":0,"height":0},"classes":[]},{"id":6664,"url":"https:\/\/avb-schule.de\/cms\/logineo\/","url_meta":{"origin":2187,"position":5},"title":"Logineo","author":"admin","date":"10. Februar 2024","format":false,"excerpt":"Wir benutzen Logineo f\u00fcr Kontakt mit den Eltern (u.A. f\u00fcr Informationen und Krankmeldungen). Klicke hier\u00a0um auf Logineo weitergeleitet zu werden.","rel":"","context":"\u00c4hnlicher Beitrag","block_context":{"text":"\u00c4hnlicher Beitrag","link":""},"img":{"alt_text":"","src":"","width":0,"height":0},"classes":[]}],"jetpack_sharing_enabled":true,"_links":{"self":[{"href":"https:\/\/avb-schule.de\/cms\/wp-json\/wp\/v2\/pages\/2187","targetHints":{"allow":["GET"]}}],"collection":[{"href":"https:\/\/avb-schule.de\/cms\/wp-json\/wp\/v2\/pages"}],"about":[{"href":"https:\/\/avb-schule.de\/cms\/wp-json\/wp\/v2\/types\/page"}],"author":[{"embeddable":true,"href":"https:\/\/avb-schule.de\/cms\/wp-json\/wp\/v2\/users\/1"}],"replies":[{"embeddable":true,"href":"https:\/\/avb-schule.de\/cms\/wp-json\/wp\/v2\/comments?post=2187"}],"version-history":[{"count":32,"href":"https:\/\/avb-schule.de\/cms\/wp-json\/wp\/v2\/pages\/2187\/revisions"}],"predecessor-version":[{"id":4641,"href":"https:\/\/avb-schule.de\/cms\/wp-json\/wp\/v2\/pages\/2187\/revisions\/4641"}],"wp:attachment":[{"href":"https:\/\/avb-schule.de\/cms\/wp-json\/wp\/v2\/media?parent=2187"}],"curies":[{"name":"wp","href":"https:\/\/api.w.org\/{rel}","templated":true}]}}